{"id":5460,"date":"2020-12-07T15:04:16","date_gmt":"2020-12-07T12:04:16","guid":{"rendered":"https:\/\/signon-group.com\/karriere\/stellenboerse"},"modified":"2023-12-20T16:36:57","modified_gmt":"2023-12-20T14:36:57","slug":"stellenboerse","status":"publish","type":"page","link":"https:\/\/signon-group.com\/en\/karriere\/stellenboerse","title":{"rendered":"Stellenb\u00f6rse &#8211; Offene Stellen"},"content":{"rendered":"\t\t<div data-elementor-type=\"wp-page\" data-elementor-id=\"5460\" class=\"elementor elementor-5460 elementor-909\" data-elementor-post-type=\"page\">\n\t\t\t\t\t\t<section class=\"elementor-section elementor-top-section elementor-element elementor-element-b760a09 elementor-section-boxed elementor-section-height-default elementor-section-height-default\" data-id=\"b760a09\" data-element_type=\"section\" data-e-type=\"section\">\n\t\t\t\t\t\t<div class=\"elementor-container elementor-column-gap-default\">\n\t\t\t\t\t<div class=\"elementor-column elementor-col-100 elementor-top-column elementor-element elementor-element-76e4152\" data-id=\"76e4152\" data-element_type=\"column\" data-e-type=\"column\">\n\t\t\t<div class=\"elementor-widget-wrap elementor-element-populated\">\n\t\t\t\t\t\t<div class=\"elementor-element elementor-element-8a27331 elementor-widget elementor-widget-breadcrumbs_signon\" data-id=\"8a27331\" data-element_type=\"widget\" data-e-type=\"widget\" data-widget_type=\"breadcrumbs_signon.default\">\n\t\t\t\t<div class=\"elementor-widget-container\">\n\t\t\t\t\t<div class=\"so-breadcrumbs\" itemscope itemtype=\"http:\/\/schema.org\/BreadcrumbList\"><span class=\"breadcrumb-link-wrapper\" itemprop=\"itemListElement\" itemscope itemtype=\"http:\/\/schema.org\/ListItem\"><a href=\"https:\/\/signon-group.com\/en\" itemprop=\"item\"><span itemprop=\"name\">Home<\/span><\/a><\/span><\/div>\t\t\t\t<\/div>\n\t\t\t\t<\/div>\n\t\t\t\t\t<\/div>\n\t\t<\/div>\n\t\t\t\t\t<\/div>\n\t\t<\/section>\n\t\t\t\t<section class=\"elementor-section elementor-top-section elementor-element elementor-element-71c430d elementor-section-boxed elementor-section-height-default elementor-section-height-default\" data-id=\"71c430d\" data-element_type=\"section\" data-e-type=\"section\">\n\t\t\t\t\t\t<div class=\"elementor-container elementor-column-gap-default\">\n\t\t\t\t\t<div class=\"elementor-column elementor-col-100 elementor-top-column elementor-element elementor-element-7cc0383\" data-id=\"7cc0383\" data-element_type=\"column\" data-e-type=\"column\">\n\t\t\t<div class=\"elementor-widget-wrap elementor-element-populated\">\n\t\t\t\t\t\t<div class=\"elementor-element elementor-element-b18edc7 elementor-widget elementor-widget-banner\" data-id=\"b18edc7\" data-element_type=\"widget\" data-e-type=\"widget\" data-widget_type=\"banner.default\">\n\t\t\t\t<div class=\"elementor-widget-container\">\n\t\t\t\t\t<div class=\"banner container  \"><div class=\"d-none d-md-block  w-100 banner__img aspect-auto\" style=\"background-image: url(https:\/\/signon-group.com\/wp-content\/uploads\/2021\/03\/Stellenboerse_.jpg)\" ><\/div><div class=\"d-block d-md-none w-100 banner__img aspect-auto\" style=\"background-image: url(https:\/\/signon-group.com\/wp-content\/uploads\/2021\/03\/Stellenboerse_-1024x683.jpg)\" ><\/div><\/div>\t\t\t\t<\/div>\n\t\t\t\t<\/div>\n\t\t\t\t\t<\/div>\n\t\t<\/div>\n\t\t\t\t\t<\/div>\n\t\t<\/section>\n\t\t\t\t<section class=\"elementor-section elementor-top-section elementor-element elementor-element-69c3fd9 elementor-section-boxed elementor-section-height-default elementor-section-height-default\" data-id=\"69c3fd9\" data-element_type=\"section\" data-e-type=\"section\">\n\t\t\t\t\t\t<div class=\"elementor-container elementor-column-gap-default\">\n\t\t\t\t\t<div class=\"elementor-column elementor-col-50 elementor-top-column elementor-element elementor-element-7dfbcc1\" data-id=\"7dfbcc1\" data-element_type=\"column\" data-e-type=\"column\">\n\t\t\t<div class=\"elementor-widget-wrap elementor-element-populated\">\n\t\t\t\t\t\t<div class=\"elementor-element elementor-element-95b85fb elementor-widget elementor-widget-heading\" data-id=\"95b85fb\" data-element_type=\"widget\" data-e-type=\"widget\" data-widget_type=\"heading.default\">\n\t\t\t\t<div class=\"elementor-widget-container\">\n\t\t\t\t\t<h1 class=\"heading heading__title-secondary heading-auto\">Die SIGNON Stellenb\u00f6rse<\/h1>\t\t\t\t<\/div>\n\t\t\t\t<\/div>\n\t\t\t\t\t<\/div>\n\t\t<\/div>\n\t\t\t\t<div class=\"elementor-column elementor-col-50 elementor-top-column elementor-element elementor-element-4a3a2cb\" data-id=\"4a3a2cb\" data-element_type=\"column\" data-e-type=\"column\">\n\t\t\t<div class=\"elementor-widget-wrap\">\n\t\t\t\t\t\t\t<\/div>\n\t\t<\/div>\n\t\t\t\t\t<\/div>\n\t\t<\/section>\n\t\t\t\t<section class=\"elementor-section elementor-top-section elementor-element elementor-element-abdf683 elementor-section-boxed elementor-section-height-default elementor-section-height-default\" data-id=\"abdf683\" data-element_type=\"section\" data-e-type=\"section\">\n\t\t\t\t\t\t<div class=\"elementor-container elementor-column-gap-default\">\n\t\t\t\t\t<div class=\"elementor-column elementor-col-100 elementor-top-column elementor-element elementor-element-b6b88a5\" data-id=\"b6b88a5\" data-element_type=\"column\" data-e-type=\"column\">\n\t\t\t<div class=\"elementor-widget-wrap elementor-element-populated\">\n\t\t\t\t\t\t<div class=\"elementor-element elementor-element-5b452c8 elementor-widget elementor-widget-paragraph\" data-id=\"5b452c8\" data-element_type=\"widget\" data-e-type=\"widget\" data-widget_type=\"paragraph.default\">\n\t\t\t\t<div class=\"elementor-widget-container\">\n\t\t\t\t\t<div><div id=\"par5b452c8\" class=\"paragraph \"><div class=\"paragraph__content\"><h2>Tochterunternehmen der Deutschen Bahn AG<\/h2><\/div><\/div><\/div>\t\t\t\t<\/div>\n\t\t\t\t<\/div>\n\t\t\t\t<div class=\"elementor-element elementor-element-970a141 elementor-widget elementor-widget-paragraph\" data-id=\"970a141\" data-element_type=\"widget\" data-e-type=\"widget\" data-widget_type=\"paragraph.default\">\n\t\t\t\t<div class=\"elementor-widget-container\">\n\t\t\t\t\t<div><div id=\"par970a141\" class=\"paragraph \"><div class=\"paragraph__content\"><p>Die SIGNON Deutschland GmbH geh\u00f6rt seit April 2021 zur Deutschen Bahn AG. F\u00fcr Deine Bewerbung wirst Du deshalb auf die Karriereseiten der DB weitergeleitet. Doch was bedeutet das konkret? Wir sind auch weiterhin ein mittelst\u00e4ndisches Unternehmen mit eigenst\u00e4ndigem Leistungsbereich und arbeiten in Planung, Beratung und Engineering weiter in bew\u00e4hrter Qualit\u00e4t. Durch die enge Zusammenarbeit mit unserem Mutterkonzern profitierst Du aber zuk\u00fcnftig auch bei uns von den Benefits, dem Netzwerk und der geballten Power von \u00fcber 300.000 DB-Kolleg:innen auf der ganzen Welt.<\/p><p>Wie das geht? Klick einfach auf den Button \u201eStellenb\u00f6rse\u201c und bewirb Dich auf einen spannenden Job deiner Wahl \u2013 nat\u00fcrlich erreicht Deine Bewerbung auch auf diesem Wege unsere Fachabteilungen. Wir freuen uns auf Deine Bewerbung und darauf, Dich kennenzulernen!<\/p><\/div><\/div><\/div>\t\t\t\t<\/div>\n\t\t\t\t<\/div>\n\t\t\t\t<div class=\"elementor-element elementor-element-1b29419 elementor-align-center elementor-widget elementor-widget-button\" data-id=\"1b29419\" data-element_type=\"widget\" data-e-type=\"widget\" data-widget_type=\"button.default\">\n\t\t\t\t<div class=\"elementor-widget-container\">\n\t\t\t\t\t\t\t\t\t<div class=\"elementor-button-wrapper\">\n\t\t\t\t\t<a class=\"elementor-button elementor-button-link elementor-size-sm\" href=\"https:\/\/karriere.deutschebahn.com\/service\/search\/karriere-de\/2653760?query=&#038;qli=true&#038;sort=pubExternalDate_tdt&#038;country=&#038;legalentity=SIGNON%20Deutschland%20GmbH&#038;utm_source=SignonHPDB&#038;utm_medium=organic_Redirect\" target=\"_blank\">\n\t\t\t\t\t\t<span class=\"elementor-button-content-wrapper\">\n\t\t\t\t\t\t\t\t\t<span class=\"elementor-button-text\">Stellenb\u00f6rse<\/span>\n\t\t\t\t\t<\/span>\n\t\t\t\t\t<\/a>\n\t\t\t\t<\/div>\n\t\t\t\t\t\t\t\t<\/div>\n\t\t\t\t<\/div>\n\t\t\t\t<div class=\"elementor-element elementor-element-e2b3112 elementor-widget elementor-widget-spacer\" data-id=\"e2b3112\" data-element_type=\"widget\" data-e-type=\"widget\" data-widget_type=\"spacer.default\">\n\t\t\t\t<div class=\"elementor-widget-container\">\n\t\t\t\t\t\t\t<div class=\"elementor-spacer\">\n\t\t\t<div class=\"elementor-spacer-inner\"><\/div>\n\t\t<\/div>\n\t\t\t\t\t\t<\/div>\n\t\t\t\t<\/div>\n\t\t\t\t\t<\/div>\n\t\t<\/div>\n\t\t\t\t\t<\/div>\n\t\t<\/section>\n\t\t\t\t<\/div>\n\t\t","protected":false},"excerpt":{"rendered":"<p>Home Die SIGNON Stellenb\u00f6rse Tochterunternehmen der Deutschen Bahn AG Die SIGNON Deutschland GmbH geh\u00f6rt seit April 2021 zur Deutschen Bahn AG. F\u00fcr Deine Bewerbung wirst Du deshalb auf die Karriereseiten der DB weitergeleitet. Doch was bedeutet das konkret? Wir sind auch weiterhin ein mittelst\u00e4ndisches Unternehmen mit eigenst\u00e4ndigem Leistungsbereich und arbeiten in Planung, Beratung und Engineering [&hellip;]<\/p>\n","protected":false},"author":1,"featured_media":0,"parent":5453,"menu_order":0,"comment_status":"closed","ping_status":"closed","template":"","meta":{"_acf_changed":false,"footnotes":""},"class_list":["post-5460","page","type-page","status-publish","hentry"],"acf":[],"yoast_head":"<!-- This site is optimized with the Yoast SEO plugin v27.4 - https:\/\/yoast.com\/product\/yoast-seo-wordpress\/ -->\n<title>Stellenb\u00f6rse - Offene Stellen | SIGNON<\/title>\n<meta name=\"description\" content=\"Stellenb\u00f6rse: Alle freien Stellen bei SIGNON. Arbeiten Sie in einem engagierten, kollegialen &amp; innovativen Umfeld. \u25ba Jetzt informieren &amp; gleich bewerben!\" \/>\n<meta name=\"robots\" content=\"index, follow, max-snippet:-1, max-image-preview:large, max-video-preview:-1\" \/>\n<link rel=\"canonical\" href=\"https:\/\/signon-group.com\/en\/karriere\/stellenboerse\" \/>\n<meta property=\"og:locale\" content=\"en_US\" \/>\n<meta property=\"og:type\" content=\"article\" \/>\n<meta property=\"og:title\" content=\"Stellenb\u00f6rse - Offene Stellen | SIGNON\" \/>\n<meta property=\"og:description\" content=\"Stellenb\u00f6rse: Alle freien Stellen bei SIGNON. Arbeiten Sie in einem engagierten, kollegialen &amp; innovativen Umfeld. \u25ba Jetzt informieren &amp; gleich bewerben!\" \/>\n<meta property=\"og:url\" content=\"https:\/\/signon-group.com\/en\/karriere\/stellenboerse\" \/>\n<meta property=\"og:site_name\" content=\"SIGNON\" \/>\n<meta property=\"article:modified_time\" content=\"2023-12-20T14:36:57+00:00\" \/>\n<meta name=\"twitter:card\" content=\"summary_large_image\" \/>\n<meta name=\"twitter:label1\" content=\"Est. reading time\" \/>\n\t<meta name=\"twitter:data1\" content=\"1 minute\" \/>\n<script type=\"application\/ld+json\" class=\"yoast-schema-graph\">{\"@context\":\"https:\\\/\\\/schema.org\",\"@graph\":[{\"@type\":\"WebPage\",\"@id\":\"https:\\\/\\\/signon-group.com\\\/en\\\/karriere\\\/stellenboerse\",\"url\":\"https:\\\/\\\/signon-group.com\\\/en\\\/karriere\\\/stellenboerse\",\"name\":\"Stellenb\u00f6rse - Offene Stellen | SIGNON\",\"isPartOf\":{\"@id\":\"https:\\\/\\\/signon-group.com\\\/en#website\"},\"datePublished\":\"2020-12-07T12:04:16+00:00\",\"dateModified\":\"2023-12-20T14:36:57+00:00\",\"description\":\"Stellenb\u00f6rse: Alle freien Stellen bei SIGNON. Arbeiten Sie in einem engagierten, kollegialen & innovativen Umfeld. \u25ba Jetzt informieren & gleich bewerben!\",\"breadcrumb\":{\"@id\":\"https:\\\/\\\/signon-group.com\\\/en\\\/karriere\\\/stellenboerse#breadcrumb\"},\"inLanguage\":\"en-US\",\"potentialAction\":[{\"@type\":\"ReadAction\",\"target\":[\"https:\\\/\\\/signon-group.com\\\/en\\\/karriere\\\/stellenboerse\"]}]},{\"@type\":\"BreadcrumbList\",\"@id\":\"https:\\\/\\\/signon-group.com\\\/en\\\/karriere\\\/stellenboerse#breadcrumb\",\"itemListElement\":[{\"@type\":\"ListItem\",\"position\":1,\"name\":\"Karriere\",\"item\":\"https:\\\/\\\/signon-group.com\\\/en\\\/karriere\"},{\"@type\":\"ListItem\",\"position\":2,\"name\":\"Stellenb\u00f6rse &#8211; Offene Stellen\"}]},{\"@type\":\"WebSite\",\"@id\":\"https:\\\/\\\/signon-group.com\\\/en#website\",\"url\":\"https:\\\/\\\/signon-group.com\\\/en\",\"name\":\"SIGNON\",\"description\":\"\",\"potentialAction\":[{\"@type\":\"SearchAction\",\"target\":{\"@type\":\"EntryPoint\",\"urlTemplate\":\"https:\\\/\\\/signon-group.com\\\/en?s={search_term_string}\"},\"query-input\":{\"@type\":\"PropertyValueSpecification\",\"valueRequired\":true,\"valueName\":\"search_term_string\"}}],\"inLanguage\":\"en-US\"}]}<\/script>\n<!-- \/ Yoast SEO plugin. -->","yoast_head_json":{"title":"Stellenb\u00f6rse - Offene Stellen | SIGNON","description":"Stellenb\u00f6rse: Alle freien Stellen bei SIGNON. Arbeiten Sie in einem engagierten, kollegialen & innovativen Umfeld. \u25ba Jetzt informieren & gleich bewerben!","robots":{"index":"index","follow":"follow","max-snippet":"max-snippet:-1","max-image-preview":"max-image-preview:large","max-video-preview":"max-video-preview:-1"},"canonical":"https:\/\/signon-group.com\/en\/karriere\/stellenboerse","og_locale":"en_US","og_type":"article","og_title":"Stellenb\u00f6rse - Offene Stellen | SIGNON","og_description":"Stellenb\u00f6rse: Alle freien Stellen bei SIGNON. Arbeiten Sie in einem engagierten, kollegialen & innovativen Umfeld. \u25ba Jetzt informieren & gleich bewerben!","og_url":"https:\/\/signon-group.com\/en\/karriere\/stellenboerse","og_site_name":"SIGNON","article_modified_time":"2023-12-20T14:36:57+00:00","twitter_card":"summary_large_image","twitter_misc":{"Est. reading time":"1 minute"},"schema":{"@context":"https:\/\/schema.org","@graph":[{"@type":"WebPage","@id":"https:\/\/signon-group.com\/en\/karriere\/stellenboerse","url":"https:\/\/signon-group.com\/en\/karriere\/stellenboerse","name":"Stellenb\u00f6rse - Offene Stellen | SIGNON","isPartOf":{"@id":"https:\/\/signon-group.com\/en#website"},"datePublished":"2020-12-07T12:04:16+00:00","dateModified":"2023-12-20T14:36:57+00:00","description":"Stellenb\u00f6rse: Alle freien Stellen bei SIGNON. Arbeiten Sie in einem engagierten, kollegialen & innovativen Umfeld. \u25ba Jetzt informieren & gleich bewerben!","breadcrumb":{"@id":"https:\/\/signon-group.com\/en\/karriere\/stellenboerse#breadcrumb"},"inLanguage":"en-US","potentialAction":[{"@type":"ReadAction","target":["https:\/\/signon-group.com\/en\/karriere\/stellenboerse"]}]},{"@type":"BreadcrumbList","@id":"https:\/\/signon-group.com\/en\/karriere\/stellenboerse#breadcrumb","itemListElement":[{"@type":"ListItem","position":1,"name":"Karriere","item":"https:\/\/signon-group.com\/en\/karriere"},{"@type":"ListItem","position":2,"name":"Stellenb\u00f6rse &#8211; Offene Stellen"}]},{"@type":"WebSite","@id":"https:\/\/signon-group.com\/en#website","url":"https:\/\/signon-group.com\/en","name":"SIGNON","description":"","potentialAction":[{"@type":"SearchAction","target":{"@type":"EntryPoint","urlTemplate":"https:\/\/signon-group.com\/en?s={search_term_string}"},"query-input":{"@type":"PropertyValueSpecification","valueRequired":true,"valueName":"search_term_string"}}],"inLanguage":"en-US"}]}},"_links":{"self":[{"href":"https:\/\/signon-group.com\/en\/wp-json\/wp\/v2\/pages\/5460","targetHints":{"allow":["GET"]}}],"collection":[{"href":"https:\/\/signon-group.com\/en\/wp-json\/wp\/v2\/pages"}],"about":[{"href":"https:\/\/signon-group.com\/en\/wp-json\/wp\/v2\/types\/page"}],"author":[{"embeddable":true,"href":"https:\/\/signon-group.com\/en\/wp-json\/wp\/v2\/users\/1"}],"replies":[{"embeddable":true,"href":"https:\/\/signon-group.com\/en\/wp-json\/wp\/v2\/comments?post=5460"}],"version-history":[{"count":21,"href":"https:\/\/signon-group.com\/en\/wp-json\/wp\/v2\/pages\/5460\/revisions"}],"predecessor-version":[{"id":15195,"href":"https:\/\/signon-group.com\/en\/wp-json\/wp\/v2\/pages\/5460\/revisions\/15195"}],"up":[{"embeddable":true,"href":"https:\/\/signon-group.com\/en\/wp-json\/wp\/v2\/pages\/5453"}],"wp:attachment":[{"href":"https:\/\/signon-group.com\/en\/wp-json\/wp\/v2\/media?parent=5460"}],"curies":[{"name":"wp","href":"https:\/\/api.w.org\/{rel}","templated":true}]}}