{"id":5458,"date":"2020-11-24T20:01:51","date_gmt":"2020-11-24T17:01:51","guid":{"rendered":"https:\/\/signon-group.com\/karriere\/mein-arbeitgeber"},"modified":"2024-09-16T14:26:18","modified_gmt":"2024-09-16T12:26:18","slug":"mein-arbeitgeber","status":"publish","type":"page","link":"https:\/\/signon-group.com\/en\/karriere\/mein-arbeitgeber","title":{"rendered":"SIGNON &#8211; Meine Arbeitgeberin"},"content":{"rendered":"\t\t<div data-elementor-type=\"wp-page\" data-elementor-id=\"5458\" class=\"elementor elementor-5458 elementor-399\" data-elementor-post-type=\"page\">\n\t\t\t\t\t\t<section class=\"elementor-section elementor-top-section elementor-element elementor-element-9d8ed2d elementor-section-boxed elementor-section-height-default elementor-section-height-default\" data-id=\"9d8ed2d\" data-element_type=\"section\" data-e-type=\"section\">\n\t\t\t\t\t\t<div class=\"elementor-container elementor-column-gap-default\">\n\t\t\t\t\t<div class=\"elementor-column elementor-col-100 elementor-top-column elementor-element elementor-element-895154e\" data-id=\"895154e\" data-element_type=\"column\" data-e-type=\"column\">\n\t\t\t<div class=\"elementor-widget-wrap elementor-element-populated\">\n\t\t\t\t\t\t<div class=\"elementor-element elementor-element-d2cfe78 elementor-widget elementor-widget-breadcrumbs_signon\" data-id=\"d2cfe78\" data-element_type=\"widget\" data-e-type=\"widget\" data-widget_type=\"breadcrumbs_signon.default\">\n\t\t\t\t<div class=\"elementor-widget-container\">\n\t\t\t\t\t<div class=\"so-breadcrumbs\" itemscope itemtype=\"http:\/\/schema.org\/BreadcrumbList\"><span class=\"breadcrumb-link-wrapper\" itemprop=\"itemListElement\" itemscope itemtype=\"http:\/\/schema.org\/ListItem\"><a href=\"https:\/\/signon-group.com\/en\" itemprop=\"item\"><span itemprop=\"name\">Home<\/span><\/a><\/span><\/div>\t\t\t\t<\/div>\n\t\t\t\t<\/div>\n\t\t\t\t\t<\/div>\n\t\t<\/div>\n\t\t\t\t\t<\/div>\n\t\t<\/section>\n\t\t\t\t<section class=\"elementor-section elementor-top-section elementor-element elementor-element-c863352 elementor-section-boxed elementor-section-height-default elementor-section-height-default\" data-id=\"c863352\" data-element_type=\"section\" data-e-type=\"section\">\n\t\t\t\t\t\t<div class=\"elementor-container elementor-column-gap-default\">\n\t\t\t\t\t<div class=\"elementor-column elementor-col-100 elementor-top-column elementor-element elementor-element-7e13cac\" data-id=\"7e13cac\" data-element_type=\"column\" data-e-type=\"column\">\n\t\t\t<div class=\"elementor-widget-wrap elementor-element-populated\">\n\t\t\t\t\t\t<div class=\"elementor-element elementor-element-09ac917 elementor-widget elementor-widget-banner\" data-id=\"09ac917\" data-element_type=\"widget\" data-e-type=\"widget\" data-widget_type=\"banner.default\">\n\t\t\t\t<div class=\"elementor-widget-container\">\n\t\t\t\t\t<div class=\"banner container  banner-shadow\"><div class=\"d-none d-md-block  w-100 banner__img auto\" style=\"background-image: url(https:\/\/signon-group.com\/wp-content\/uploads\/2020\/12\/Header-Desktop-13.jpg)\" ><\/div><div class=\"d-block d-md-none w-100 banner__img auto\" style=\"background-image: url(https:\/\/signon-group.com\/wp-content\/uploads\/2020\/12\/Header-Desktop-13-1024x341.jpg)\" ><\/div><\/div>\t\t\t\t<\/div>\n\t\t\t\t<\/div>\n\t\t\t\t\t<\/div>\n\t\t<\/div>\n\t\t\t\t\t<\/div>\n\t\t<\/section>\n\t\t\t\t<section class=\"elementor-section elementor-top-section elementor-element elementor-element-6e7cc83 elementor-section-boxed elementor-section-height-default elementor-section-height-default\" data-id=\"6e7cc83\" data-element_type=\"section\" data-e-type=\"section\">\n\t\t\t\t\t\t<div class=\"elementor-container elementor-column-gap-default\">\n\t\t\t\t\t<div class=\"elementor-column elementor-col-100 elementor-top-column elementor-element elementor-element-beb081b\" data-id=\"beb081b\" data-element_type=\"column\" data-e-type=\"column\">\n\t\t\t<div class=\"elementor-widget-wrap elementor-element-populated\">\n\t\t\t\t\t\t<div class=\"elementor-element elementor-element-9a32009 elementor-widget elementor-widget-heading\" data-id=\"9a32009\" data-element_type=\"widget\" data-e-type=\"widget\" data-widget_type=\"heading.default\">\n\t\t\t\t<div class=\"elementor-widget-container\">\n\t\t\t\t\t<h1 class=\"heading heading__title-secondary heading-auto\">SIGNON - Schiene. Mobilit\u00e4t. Zukunft.<\/h1>\t\t\t\t<\/div>\n\t\t\t\t<\/div>\n\t\t\t\t\t<\/div>\n\t\t<\/div>\n\t\t\t\t\t<\/div>\n\t\t<\/section>\n\t\t\t\t<section class=\"elementor-section elementor-top-section elementor-element elementor-element-ba9ec93 elementor-section-boxed elementor-section-height-default elementor-section-height-default\" data-id=\"ba9ec93\" data-element_type=\"section\" data-e-type=\"section\">\n\t\t\t\t\t\t<div class=\"elementor-container elementor-column-gap-default\">\n\t\t\t\t\t<div class=\"elementor-column elementor-col-50 elementor-top-column elementor-element elementor-element-eafe0f9\" data-id=\"eafe0f9\" data-element_type=\"column\" data-e-type=\"column\">\n\t\t\t<div class=\"elementor-widget-wrap elementor-element-populated\">\n\t\t\t\t\t\t<div class=\"elementor-element elementor-element-36559ae elementor-widget elementor-widget-paragraph\" data-id=\"36559ae\" data-element_type=\"widget\" data-e-type=\"widget\" data-widget_type=\"paragraph.default\">\n\t\t\t\t<div class=\"elementor-widget-container\">\n\t\t\t\t\t<div><div id=\"par36559ae\" class=\"paragraph \"><div class=\"paragraph__content\"><p><strong>Ein innovativer und ausgezeichneter Arbeitgebender.<\/strong><\/p><\/div><\/div><\/div>\t\t\t\t<\/div>\n\t\t\t\t<\/div>\n\t\t\t\t\t<\/div>\n\t\t<\/div>\n\t\t\t\t<div class=\"elementor-column elementor-col-50 elementor-top-column elementor-element elementor-element-ae0c0bf\" data-id=\"ae0c0bf\" data-element_type=\"column\" data-e-type=\"column\">\n\t\t\t<div class=\"elementor-widget-wrap elementor-element-populated\">\n\t\t\t\t\t\t<div class=\"elementor-element elementor-element-774539d elementor-widget elementor-widget-paragraph\" data-id=\"774539d\" data-element_type=\"widget\" data-e-type=\"widget\" data-widget_type=\"paragraph.default\">\n\t\t\t\t<div class=\"elementor-widget-container\">\n\t\t\t\t\t<div><div id=\"par774539d\" class=\"paragraph \"><div class=\"paragraph__content\"><p>Mit mehr als 250 Mitarbeiter:innen an vier Standorten entwickelt SIGNON t\u00e4glich neue Innovationen auf Schienen. Unsere Mitarbeiter:innen sind unsere Expert:innen - ausgezeichnet als TOP-Arbeitgebender 2019 bietet SIGNON einen ausgeglichenen Arbeitsplatz, an dem Arbeit Spa\u00df macht. Lesen Sie auf dieser Seite, was wir unseren Mitarbeiter:innen bieten.<\/p><\/div><\/div><\/div>\t\t\t\t<\/div>\n\t\t\t\t<\/div>\n\t\t\t\t\t<\/div>\n\t\t<\/div>\n\t\t\t\t\t<\/div>\n\t\t<\/section>\n\t\t\t\t<section class=\"elementor-section elementor-top-section elementor-element elementor-element-cbfed71 elementor-section-boxed elementor-section-height-default elementor-section-height-default\" data-id=\"cbfed71\" data-element_type=\"section\" data-e-type=\"section\">\n\t\t\t\t\t\t<div class=\"elementor-container elementor-column-gap-default\">\n\t\t\t\t\t<div class=\"elementor-column elementor-col-100 elementor-top-column elementor-element elementor-element-2920f32\" data-id=\"2920f32\" data-element_type=\"column\" data-e-type=\"column\">\n\t\t\t<div class=\"elementor-widget-wrap elementor-element-populated\">\n\t\t\t\t\t\t<div class=\"elementor-element elementor-element-96d9cae elementor-widget-divider--view-line elementor-widget elementor-widget-divider\" data-id=\"96d9cae\" data-element_type=\"widget\" data-e-type=\"widget\" data-widget_type=\"divider.default\">\n\t\t\t\t<div class=\"elementor-widget-container\">\n\t\t\t\t\t\t\t<div class=\"elementor-divider\">\n\t\t\t<span class=\"elementor-divider-separator\">\n\t\t\t\t\t\t<\/span>\n\t\t<\/div>\n\t\t\t\t\t\t<\/div>\n\t\t\t\t<\/div>\n\t\t\t\t\t<\/div>\n\t\t<\/div>\n\t\t\t\t\t<\/div>\n\t\t<\/section>\n\t\t\t\t<section class=\"elementor-section elementor-top-section elementor-element elementor-element-45c6c5f elementor-reverse-mobile elementor-section-boxed elementor-section-height-default elementor-section-height-default\" data-id=\"45c6c5f\" data-element_type=\"section\" data-e-type=\"section\">\n\t\t\t\t\t\t<div class=\"elementor-container elementor-column-gap-default\">\n\t\t\t\t\t<div class=\"elementor-column elementor-col-50 elementor-top-column elementor-element elementor-element-b5b2e2c\" data-id=\"b5b2e2c\" data-element_type=\"column\" data-e-type=\"column\">\n\t\t\t<div class=\"elementor-widget-wrap elementor-element-populated\">\n\t\t\t\t\t\t<div class=\"elementor-element elementor-element-e872b31 elementor-widget elementor-widget-paragraph\" data-id=\"e872b31\" data-element_type=\"widget\" data-e-type=\"widget\" data-widget_type=\"paragraph.default\">\n\t\t\t\t<div class=\"elementor-widget-container\">\n\t\t\t\t\t<div><div id=\"pare872b31\" class=\"paragraph \"><div class=\"paragraph__content\"><h2>SIGNON als Top-Arbeitgebender<\/h2><\/div><\/div><\/div>\t\t\t\t<\/div>\n\t\t\t\t<\/div>\n\t\t\t\t<div class=\"elementor-element elementor-element-ff2e52e elementor-widget elementor-widget-paragraph\" data-id=\"ff2e52e\" data-element_type=\"widget\" data-e-type=\"widget\" data-widget_type=\"paragraph.default\">\n\t\t\t\t<div class=\"elementor-widget-container\">\n\t\t\t\t\t<div><div id=\"parff2e52e\" class=\"paragraph \"><div class=\"paragraph__content\"><p>Neben der anspruchsvollen und faszinierenden Arbeit in interdisziplin\u00e4ren Teams bieten wir unseren Mitarbeiter:innen ein umfangreiches Tarif- und Vorteilspaket unseres Mutterkonzerns Deutsche Bahn an:<\/p><ul><li>Freifahrten und Fahrverg\u00fcnstigungen im Regional- und Fernverkehr der Deutschen Bahn sowie internationale Freifahrten<\/li><li>Mitarbeiter:innen-Vorteilsprogramm DB Reisemarkt (Rabatte bei vielen Handelsunternehmen, bei Reiseveranstaltern, bei Freizeitangeboten u. A.)<\/li><li>DB Firmenrad<\/li><li>Finanzvorteile und betriebliche Altersvorsorge<\/li><li>Wahlmodell Arbeitszeit: h\u00f6heres Entgelt, geringere Arbeitszeit oder mehr Urlaub<\/li><li>M\u00f6glichkeit der individuellen Gestaltung der Lebensarbeitszeit mit einem Langzeitkonto<\/li><li>Besch\u00e4ftigungssicherung<\/li><li>Unterst\u00fctzung bei der Suche nach Kinderbetreuung und Vermittlung Kinderbetreuungspl\u00e4tzen<\/li><li>u. v. m.<\/li><\/ul><\/div><\/div><\/div>\t\t\t\t<\/div>\n\t\t\t\t<\/div>\n\t\t\t\t<div class=\"elementor-element elementor-element-add5d4a elementor-widget elementor-widget-paragraph\" data-id=\"add5d4a\" data-element_type=\"widget\" data-e-type=\"widget\" data-widget_type=\"paragraph.default\">\n\t\t\t\t<div class=\"elementor-widget-container\">\n\t\t\t\t\t<div><div id=\"paradd5d4a\" class=\"paragraph \"><div class=\"paragraph__content\"><p>Gesundheit, vitale Firmenkultur und Weiterbildungsm\u00f6glichkeiten sind wichtige Aspekte f\u00fcr unsere Mitarbeiter:innen, die wir sehr ernst nehmen! Neben Vorsorgeuntersuchungen (Bildschirm G37), einem modernen Arbeitsplatz mit h\u00f6henverstellbaren Tischen und flexiblen Arbeitszeiten, achten wir bei SIGNON auch auf die pers\u00f6nliche Karrieref\u00f6rderung des Einzelnen und vergessen nie den Spa\u00df im Alltag. Bei Teamevents oder Bowlingabenden lernen sich die Mitarbeiter:innen der verschiedenen Abteilungen besser kennen.<\/p><\/div><\/div><\/div>\t\t\t\t<\/div>\n\t\t\t\t<\/div>\n\t\t\t\t\t<\/div>\n\t\t<\/div>\n\t\t\t\t<div class=\"elementor-column elementor-col-50 elementor-top-column elementor-element elementor-element-57ab6f4\" data-id=\"57ab6f4\" data-element_type=\"column\" data-e-type=\"column\">\n\t\t\t<div class=\"elementor-widget-wrap elementor-element-populated\">\n\t\t\t\t\t\t<div class=\"elementor-element elementor-element-f692305 elementor-widget elementor-widget-banner\" data-id=\"f692305\" data-element_type=\"widget\" data-e-type=\"widget\" data-widget_type=\"banner.default\">\n\t\t\t\t<div class=\"elementor-widget-container\">\n\t\t\t\t\t<div class=\"banner container  banner-shadow\"><div class=\"d-none d-md-block  w-100 banner__img aspect-4-3\" style=\"background-image: url(https:\/\/signon-group.com\/wp-content\/uploads\/2020\/12\/2-8.jpg)\" ><\/div><div class=\"d-block d-md-none w-100 banner__img aspect-4-3\" style=\"background-image: url(https:\/\/signon-group.com\/wp-content\/uploads\/2020\/12\/2-8-1024x768.jpg)\" ><\/div><\/div>\t\t\t\t<\/div>\n\t\t\t\t<\/div>\n\t\t\t\t\t<\/div>\n\t\t<\/div>\n\t\t\t\t\t<\/div>\n\t\t<\/section>\n\t\t\t\t<section class=\"elementor-section elementor-top-section elementor-element elementor-element-8889892 elementor-section-boxed elementor-section-height-default elementor-section-height-default\" data-id=\"8889892\" data-element_type=\"section\" data-e-type=\"section\">\n\t\t\t\t\t\t<div class=\"elementor-container elementor-column-gap-default\">\n\t\t\t\t\t<div class=\"elementor-column elementor-col-50 elementor-top-column elementor-element elementor-element-fec4890\" data-id=\"fec4890\" data-element_type=\"column\" data-e-type=\"column\">\n\t\t\t<div class=\"elementor-widget-wrap elementor-element-populated\">\n\t\t\t\t\t\t<div class=\"elementor-element elementor-element-c7a2cbe elementor-widget elementor-widget-banner\" data-id=\"c7a2cbe\" data-element_type=\"widget\" data-e-type=\"widget\" data-widget_type=\"banner.default\">\n\t\t\t\t<div class=\"elementor-widget-container\">\n\t\t\t\t\t<div class=\"banner container  banner-shadow\"><div class=\"d-none d-md-block  w-100 banner__img aspect-4-3\" style=\"background-image: url(https:\/\/signon-group.com\/wp-content\/uploads\/2020\/12\/1-9.jpg)\" ><\/div><div class=\"d-block d-md-none w-100 banner__img aspect-4-3\" style=\"background-image: url(https:\/\/signon-group.com\/wp-content\/uploads\/2020\/12\/1-9-1024x768.jpg)\" ><\/div><\/div>\t\t\t\t<\/div>\n\t\t\t\t<\/div>\n\t\t\t\t\t<\/div>\n\t\t<\/div>\n\t\t\t\t<div class=\"elementor-column elementor-col-50 elementor-top-column elementor-element elementor-element-c8596d7\" data-id=\"c8596d7\" data-element_type=\"column\" data-e-type=\"column\">\n\t\t\t<div class=\"elementor-widget-wrap elementor-element-populated\">\n\t\t\t\t\t\t<div class=\"elementor-element elementor-element-39c19cc elementor-widget elementor-widget-paragraph\" data-id=\"39c19cc\" data-element_type=\"widget\" data-e-type=\"widget\" data-widget_type=\"paragraph.default\">\n\t\t\t\t<div class=\"elementor-widget-container\">\n\t\t\t\t\t<div><div id=\"par39c19cc\" class=\"paragraph \"><div class=\"paragraph__content\"><h2>Deutschlandstipendium<\/h2><\/div><\/div><\/div>\t\t\t\t<\/div>\n\t\t\t\t<\/div>\n\t\t\t\t<div class=\"elementor-element elementor-element-6035229 elementor-widget elementor-widget-paragraph\" data-id=\"6035229\" data-element_type=\"widget\" data-e-type=\"widget\" data-widget_type=\"paragraph.default\">\n\t\t\t\t<div class=\"elementor-widget-container\">\n\t\t\t\t\t<div><div id=\"par6035229\" class=\"paragraph \"><div class=\"paragraph__content\"><p>Herausragende Leistungen von engagierten Student:innen anzuerkennen und gemeinsam zur F\u00f6rderung der Fachkr\u00e4fte von morgen beizutragen \u2013 das ist der Grundgedanke des 2011 von der Bundesregierung eingef\u00fchrten Deutschlandstipendiums. Studierende aller Nationalit\u00e4ten profitieren an Hochschulen in ganz Deutschland von dieser Unterst\u00fctzung und erfahren so Anerkennung f\u00fcr ihre Leistungen und weitere Motivation. Wir teilen die Meinung des Bundesministeriums f\u00fcr Bildung und Forschung, dass die F\u00f6rderung engagierter Nachwuchstalente eine gesellschaftliche Aufgabe ist. Deshalb f\u00f6rdern wir - die SIGNON Deutschland GmbH \u2013 seit 2009 j\u00e4hrlich 2 Studierende der TU Dresden und werden das Programm in den n\u00e4chsten Jahren auf andere Universit\u00e4ten ausweiten. Mehr \u00fcber das Deutschlandstipendium, zu Bewerbungsvoraussetzungen und H\u00f6he der F\u00f6rderung findet sich unter <a href=\"http:\/\/www.deutschlandstipendium.de\">www.deutschlandstipendium.de<\/a><\/p><\/div><\/div><\/div>\t\t\t\t<\/div>\n\t\t\t\t<\/div>\n\t\t\t\t\t<\/div>\n\t\t<\/div>\n\t\t\t\t\t<\/div>\n\t\t<\/section>\n\t\t\t\t<section class=\"elementor-section elementor-top-section elementor-element elementor-element-3dad8b1 elementor-section-boxed elementor-section-height-default elementor-section-height-default\" data-id=\"3dad8b1\" data-element_type=\"section\" data-e-type=\"section\">\n\t\t\t\t\t\t<div class=\"elementor-container elementor-column-gap-default\">\n\t\t\t\t\t<div class=\"elementor-column elementor-col-100 elementor-top-column elementor-element elementor-element-6389d5a\" data-id=\"6389d5a\" data-element_type=\"column\" data-e-type=\"column\">\n\t\t\t<div class=\"elementor-widget-wrap elementor-element-populated\">\n\t\t\t\t\t\t<div class=\"elementor-element elementor-element-aee82fe elementor-widget elementor-widget-contact_button\" data-id=\"aee82fe\" data-element_type=\"widget\" data-e-type=\"widget\" data-widget_type=\"contact_button.default\">\n\t\t\t\t<div class=\"elementor-widget-container\">\n\t\t\t\t\t<div class=\"container p-0\"><div class=\"contact-btn contact-btn-bg contact-btn-default\" ><div class=\"contact-btn__bgimg\" ><\/div><div class=\"contact-btn__bgimg contact-btn__bgimg-small\" ><\/div><div class=\"contact-btn__desc \"><div><p>Bahnbrechende Ideen? In unserer Stellenb\u00f6rse finden sich alle aktuell zu besetzenden Stellen.<\/p><\/div><\/div><div class=\"contact-btn__link\"><a  url=\"https:\/\/signon-group.com\/karriere\/stellenboerse\" is_external=\"\" nofollow=\"\" custom_attributes=\"\" href=\"https:\/\/signon-group.com\/karriere\/stellenboerse\" class=\"btn btn-primary  button\">Kontaktieren<\/a><\/div><\/div><\/div>\t\t\t\t<\/div>\n\t\t\t\t<\/div>\n\t\t\t\t\t<\/div>\n\t\t<\/div>\n\t\t\t\t\t<\/div>\n\t\t<\/section>\n\t\t\t\t<section class=\"elementor-section elementor-top-section elementor-element elementor-element-0d48e27 elementor-section-boxed elementor-section-height-default elementor-section-height-default\" data-id=\"0d48e27\" data-element_type=\"section\" data-e-type=\"section\">\n\t\t\t\t\t\t<div class=\"elementor-container elementor-column-gap-default\">\n\t\t\t\t\t<div class=\"elementor-column elementor-col-100 elementor-top-column elementor-element elementor-element-f02bc83\" data-id=\"f02bc83\" data-element_type=\"column\" data-e-type=\"column\">\n\t\t\t<div class=\"elementor-widget-wrap elementor-element-populated\">\n\t\t\t\t\t\t<div class=\"elementor-element elementor-element-a3ad822 elementor-widget elementor-widget-scrolltip_signon\" data-id=\"a3ad822\" data-element_type=\"widget\" data-e-type=\"widget\" data-widget_type=\"scrolltip_signon.default\">\n\t\t\t\t<div class=\"elementor-widget-container\">\n\t\t\t\t\t<div class=\"scrolltip scrolltip-notext\"><div class=\"scrolltip__title\"><span>Scroll<\/span><\/div><div>\t\t\t\t<\/div>\n\t\t\t\t<\/div>\n\t\t\t\t\t<\/div>\n\t\t<\/div>\n\t\t\t\t\t<\/div>\n\t\t<\/section>\n\t\t\t\t<\/div>\n\t\t","protected":false},"excerpt":{"rendered":"<p>Home SIGNON &#8211; Schiene. Mobilit\u00e4t. Zukunft. Ein innovativer und ausgezeichneter Arbeitgebender. Mit mehr als 250 Mitarbeiter:innen an vier Standorten entwickelt SIGNON t\u00e4glich neue Innovationen auf Schienen. Unsere Mitarbeiter:innen sind unsere Expert:innen &#8211; ausgezeichnet als TOP-Arbeitgebender 2019 bietet SIGNON einen ausgeglichenen Arbeitsplatz, an dem Arbeit Spa\u00df macht. Lesen Sie auf dieser Seite, was wir unseren Mitarbeiter:innen [&hellip;]<\/p>\n","protected":false},"author":1,"featured_media":0,"parent":5453,"menu_order":0,"comment_status":"closed","ping_status":"closed","template":"","meta":{"_acf_changed":false,"footnotes":""},"class_list":["post-5458","page","type-page","status-publish","hentry"],"acf":[],"yoast_head":"<!-- This site is optimized with the Yoast SEO plugin v27.3 - https:\/\/yoast.com\/product\/yoast-seo-wordpress\/ -->\n<title>Mein Arbeitgeber: Ingenieurdienstleister | SIGNON<\/title>\n<meta name=\"description\" content=\"SIGNON TOP Jobs 2020\/2019: TOP Arbeitgeber \u2713 Deutschland Stipendium \u2713 Ingenieur Dienstleistungen f\u00fcr Bahn &amp; Zug \u25ba Jetzt mehr erfahren!\" \/>\n<meta name=\"robots\" content=\"index, follow, max-snippet:-1, max-image-preview:large, max-video-preview:-1\" \/>\n<link rel=\"canonical\" href=\"https:\/\/signon-group.com\/en\/karriere\/mein-arbeitgeber\" \/>\n<meta property=\"og:locale\" content=\"en_US\" \/>\n<meta property=\"og:type\" content=\"article\" \/>\n<meta property=\"og:title\" content=\"Mein Arbeitgeber: Ingenieurdienstleister | SIGNON\" \/>\n<meta property=\"og:description\" content=\"SIGNON TOP Jobs 2020\/2019: TOP Arbeitgeber \u2713 Deutschland Stipendium \u2713 Ingenieur Dienstleistungen f\u00fcr Bahn &amp; Zug \u25ba Jetzt mehr erfahren!\" \/>\n<meta property=\"og:url\" content=\"https:\/\/signon-group.com\/en\/karriere\/mein-arbeitgeber\" \/>\n<meta property=\"og:site_name\" content=\"SIGNON\" \/>\n<meta property=\"article:modified_time\" content=\"2024-09-16T12:26:18+00:00\" \/>\n<meta name=\"twitter:card\" content=\"summary_large_image\" \/>\n<meta name=\"twitter:label1\" content=\"Est. reading time\" \/>\n\t<meta name=\"twitter:data1\" content=\"3 minutes\" \/>\n<script type=\"application\/ld+json\" class=\"yoast-schema-graph\">{\"@context\":\"https:\\\/\\\/schema.org\",\"@graph\":[{\"@type\":\"WebPage\",\"@id\":\"https:\\\/\\\/signon-group.com\\\/en\\\/karriere\\\/mein-arbeitgeber\",\"url\":\"https:\\\/\\\/signon-group.com\\\/en\\\/karriere\\\/mein-arbeitgeber\",\"name\":\"Mein Arbeitgeber: Ingenieurdienstleister | SIGNON\",\"isPartOf\":{\"@id\":\"https:\\\/\\\/signon-group.com\\\/en#website\"},\"datePublished\":\"2020-11-24T17:01:51+00:00\",\"dateModified\":\"2024-09-16T12:26:18+00:00\",\"description\":\"SIGNON TOP Jobs 2020\\\/2019: TOP Arbeitgeber \u2713 Deutschland Stipendium \u2713 Ingenieur Dienstleistungen f\u00fcr Bahn & Zug \u25ba Jetzt mehr erfahren!\",\"breadcrumb\":{\"@id\":\"https:\\\/\\\/signon-group.com\\\/en\\\/karriere\\\/mein-arbeitgeber#breadcrumb\"},\"inLanguage\":\"en-US\",\"potentialAction\":[{\"@type\":\"ReadAction\",\"target\":[\"https:\\\/\\\/signon-group.com\\\/en\\\/karriere\\\/mein-arbeitgeber\"]}]},{\"@type\":\"BreadcrumbList\",\"@id\":\"https:\\\/\\\/signon-group.com\\\/en\\\/karriere\\\/mein-arbeitgeber#breadcrumb\",\"itemListElement\":[{\"@type\":\"ListItem\",\"position\":1,\"name\":\"Karriere\",\"item\":\"https:\\\/\\\/signon-group.com\\\/en\\\/karriere\"},{\"@type\":\"ListItem\",\"position\":2,\"name\":\"SIGNON &#8211; Meine Arbeitgeberin\"}]},{\"@type\":\"WebSite\",\"@id\":\"https:\\\/\\\/signon-group.com\\\/en#website\",\"url\":\"https:\\\/\\\/signon-group.com\\\/en\",\"name\":\"SIGNON\",\"description\":\"\",\"potentialAction\":[{\"@type\":\"SearchAction\",\"target\":{\"@type\":\"EntryPoint\",\"urlTemplate\":\"https:\\\/\\\/signon-group.com\\\/en?s={search_term_string}\"},\"query-input\":{\"@type\":\"PropertyValueSpecification\",\"valueRequired\":true,\"valueName\":\"search_term_string\"}}],\"inLanguage\":\"en-US\"}]}<\/script>\n<!-- \/ Yoast SEO plugin. -->","yoast_head_json":{"title":"Mein Arbeitgeber: Ingenieurdienstleister | SIGNON","description":"SIGNON TOP Jobs 2020\/2019: TOP Arbeitgeber \u2713 Deutschland Stipendium \u2713 Ingenieur Dienstleistungen f\u00fcr Bahn & Zug \u25ba Jetzt mehr erfahren!","robots":{"index":"index","follow":"follow","max-snippet":"max-snippet:-1","max-image-preview":"max-image-preview:large","max-video-preview":"max-video-preview:-1"},"canonical":"https:\/\/signon-group.com\/en\/karriere\/mein-arbeitgeber","og_locale":"en_US","og_type":"article","og_title":"Mein Arbeitgeber: Ingenieurdienstleister | SIGNON","og_description":"SIGNON TOP Jobs 2020\/2019: TOP Arbeitgeber \u2713 Deutschland Stipendium \u2713 Ingenieur Dienstleistungen f\u00fcr Bahn & Zug \u25ba Jetzt mehr erfahren!","og_url":"https:\/\/signon-group.com\/en\/karriere\/mein-arbeitgeber","og_site_name":"SIGNON","article_modified_time":"2024-09-16T12:26:18+00:00","twitter_card":"summary_large_image","twitter_misc":{"Est. reading time":"3 minutes"},"schema":{"@context":"https:\/\/schema.org","@graph":[{"@type":"WebPage","@id":"https:\/\/signon-group.com\/en\/karriere\/mein-arbeitgeber","url":"https:\/\/signon-group.com\/en\/karriere\/mein-arbeitgeber","name":"Mein Arbeitgeber: Ingenieurdienstleister | SIGNON","isPartOf":{"@id":"https:\/\/signon-group.com\/en#website"},"datePublished":"2020-11-24T17:01:51+00:00","dateModified":"2024-09-16T12:26:18+00:00","description":"SIGNON TOP Jobs 2020\/2019: TOP Arbeitgeber \u2713 Deutschland Stipendium \u2713 Ingenieur Dienstleistungen f\u00fcr Bahn & Zug \u25ba Jetzt mehr erfahren!","breadcrumb":{"@id":"https:\/\/signon-group.com\/en\/karriere\/mein-arbeitgeber#breadcrumb"},"inLanguage":"en-US","potentialAction":[{"@type":"ReadAction","target":["https:\/\/signon-group.com\/en\/karriere\/mein-arbeitgeber"]}]},{"@type":"BreadcrumbList","@id":"https:\/\/signon-group.com\/en\/karriere\/mein-arbeitgeber#breadcrumb","itemListElement":[{"@type":"ListItem","position":1,"name":"Karriere","item":"https:\/\/signon-group.com\/en\/karriere"},{"@type":"ListItem","position":2,"name":"SIGNON &#8211; Meine Arbeitgeberin"}]},{"@type":"WebSite","@id":"https:\/\/signon-group.com\/en#website","url":"https:\/\/signon-group.com\/en","name":"SIGNON","description":"","potentialAction":[{"@type":"SearchAction","target":{"@type":"EntryPoint","urlTemplate":"https:\/\/signon-group.com\/en?s={search_term_string}"},"query-input":{"@type":"PropertyValueSpecification","valueRequired":true,"valueName":"search_term_string"}}],"inLanguage":"en-US"}]}},"_links":{"self":[{"href":"https:\/\/signon-group.com\/en\/wp-json\/wp\/v2\/pages\/5458","targetHints":{"allow":["GET"]}}],"collection":[{"href":"https:\/\/signon-group.com\/en\/wp-json\/wp\/v2\/pages"}],"about":[{"href":"https:\/\/signon-group.com\/en\/wp-json\/wp\/v2\/types\/page"}],"author":[{"embeddable":true,"href":"https:\/\/signon-group.com\/en\/wp-json\/wp\/v2\/users\/1"}],"replies":[{"embeddable":true,"href":"https:\/\/signon-group.com\/en\/wp-json\/wp\/v2\/comments?post=5458"}],"version-history":[{"count":13,"href":"https:\/\/signon-group.com\/en\/wp-json\/wp\/v2\/pages\/5458\/revisions"}],"predecessor-version":[{"id":16040,"href":"https:\/\/signon-group.com\/en\/wp-json\/wp\/v2\/pages\/5458\/revisions\/16040"}],"up":[{"embeddable":true,"href":"https:\/\/signon-group.com\/en\/wp-json\/wp\/v2\/pages\/5453"}],"wp:attachment":[{"href":"https:\/\/signon-group.com\/en\/wp-json\/wp\/v2\/media?parent=5458"}],"curies":[{"name":"wp","href":"https:\/\/api.w.org\/{rel}","templated":true}]}}