{"id":5453,"date":"2020-11-22T22:36:28","date_gmt":"2020-11-22T19:36:28","guid":{"rendered":"https:\/\/signon-group.com\/karriere"},"modified":"2024-09-12T18:16:15","modified_gmt":"2024-09-12T16:16:15","slug":"karriere","status":"publish","type":"page","link":"https:\/\/signon-group.com\/en\/karriere","title":{"rendered":"Karriere"},"content":{"rendered":"\t\t<div data-elementor-type=\"wp-page\" data-elementor-id=\"5453\" class=\"elementor elementor-5453 elementor-196\" data-elementor-post-type=\"page\">\n\t\t\t\t\t\t<section class=\"elementor-section elementor-top-section elementor-element elementor-element-d2a9cf1 elementor-section-boxed elementor-section-height-default elementor-section-height-default\" data-id=\"d2a9cf1\" data-element_type=\"section\" data-e-type=\"section\">\n\t\t\t\t\t\t<div class=\"elementor-container elementor-column-gap-default\">\n\t\t\t\t\t<div class=\"elementor-column elementor-col-100 elementor-top-column elementor-element elementor-element-b865f7e\" data-id=\"b865f7e\" data-element_type=\"column\" data-e-type=\"column\">\n\t\t\t<div class=\"elementor-widget-wrap elementor-element-populated\">\n\t\t\t\t\t\t<div class=\"elementor-element elementor-element-d3cc917 elementor-widget elementor-widget-breadcrumbs_signon\" data-id=\"d3cc917\" data-element_type=\"widget\" data-e-type=\"widget\" data-widget_type=\"breadcrumbs_signon.default\">\n\t\t\t\t<div class=\"elementor-widget-container\">\n\t\t\t\t\t<div class=\"so-breadcrumbs\" itemscope itemtype=\"http:\/\/schema.org\/BreadcrumbList\"><span class=\"breadcrumb-link-wrapper\" itemprop=\"itemListElement\" itemscope itemtype=\"http:\/\/schema.org\/ListItem\"><a href=\"https:\/\/signon-group.com\/en\" itemprop=\"item\"><span itemprop=\"name\">Home<\/span><\/a><\/span><\/div>\t\t\t\t<\/div>\n\t\t\t\t<\/div>\n\t\t\t\t\t<\/div>\n\t\t<\/div>\n\t\t\t\t\t<\/div>\n\t\t<\/section>\n\t\t\t\t<section class=\"elementor-section elementor-top-section elementor-element elementor-element-556f053 elementor-section-boxed elementor-section-height-default elementor-section-height-default\" data-id=\"556f053\" data-element_type=\"section\" data-e-type=\"section\">\n\t\t\t\t\t\t<div class=\"elementor-container elementor-column-gap-default\">\n\t\t\t\t\t<div class=\"elementor-column elementor-col-100 elementor-top-column elementor-element elementor-element-4a2da74\" data-id=\"4a2da74\" data-element_type=\"column\" data-e-type=\"column\">\n\t\t\t<div class=\"elementor-widget-wrap elementor-element-populated\">\n\t\t\t\t\t\t<div class=\"elementor-element elementor-element-ab39016 elementor-widget elementor-widget-banner\" data-id=\"ab39016\" data-element_type=\"widget\" data-e-type=\"widget\" data-widget_type=\"banner.default\">\n\t\t\t\t<div class=\"elementor-widget-container\">\n\t\t\t\t\t<div class=\"banner container  banner-shadow\"><div class=\"d-none d-md-block  w-100 banner__img auto\" style=\"background-image: url(https:\/\/signon-group.com\/wp-content\/uploads\/2020\/12\/Header-Desktop-1.jpg)\" ><\/div><div class=\"d-block d-md-none w-100 banner__img auto\" style=\"background-image: url(https:\/\/signon-group.com\/wp-content\/uploads\/2020\/12\/Header-Desktop-1-1024x341.jpg)\" ><\/div><\/div>\t\t\t\t<\/div>\n\t\t\t\t<\/div>\n\t\t\t\t\t<\/div>\n\t\t<\/div>\n\t\t\t\t\t<\/div>\n\t\t<\/section>\n\t\t\t\t<section class=\"elementor-section elementor-top-section elementor-element elementor-element-0f5081d elementor-section-boxed elementor-section-height-default elementor-section-height-default\" data-id=\"0f5081d\" data-element_type=\"section\" data-e-type=\"section\">\n\t\t\t\t\t\t<div class=\"elementor-container elementor-column-gap-default\">\n\t\t\t\t\t<div class=\"elementor-column elementor-col-100 elementor-top-column elementor-element elementor-element-6d9bd99\" data-id=\"6d9bd99\" data-element_type=\"column\" data-e-type=\"column\">\n\t\t\t<div class=\"elementor-widget-wrap elementor-element-populated\">\n\t\t\t\t\t\t<div class=\"elementor-element elementor-element-74cfc22 elementor-widget elementor-widget-heading\" data-id=\"74cfc22\" data-element_type=\"widget\" data-e-type=\"widget\" data-widget_type=\"heading.default\">\n\t\t\t\t<div class=\"elementor-widget-container\">\n\t\t\t\t\t<h1 class=\"heading heading__title-secondary heading-auto\">Ihre Karriere bei SIGNON<\/h1>\t\t\t\t<\/div>\n\t\t\t\t<\/div>\n\t\t\t\t\t<\/div>\n\t\t<\/div>\n\t\t\t\t\t<\/div>\n\t\t<\/section>\n\t\t\t\t<section class=\"elementor-section elementor-top-section elementor-element elementor-element-a3d00d7 elementor-section-boxed elementor-section-height-default elementor-section-height-default\" data-id=\"a3d00d7\" data-element_type=\"section\" data-e-type=\"section\">\n\t\t\t\t\t\t<div class=\"elementor-container elementor-column-gap-default\">\n\t\t\t\t\t<div class=\"elementor-column elementor-col-50 elementor-top-column elementor-element elementor-element-0b8a2bb\" data-id=\"0b8a2bb\" data-element_type=\"column\" data-e-type=\"column\">\n\t\t\t<div class=\"elementor-widget-wrap elementor-element-populated\">\n\t\t\t\t\t\t<div class=\"elementor-element elementor-element-243e1b5 elementor-widget elementor-widget-paragraph\" data-id=\"243e1b5\" data-element_type=\"widget\" data-e-type=\"widget\" data-widget_type=\"paragraph.default\">\n\t\t\t\t<div class=\"elementor-widget-container\">\n\t\t\t\t\t<div><div id=\"par243e1b5\" class=\"paragraph \"><div class=\"paragraph__content\"><p><strong>Arbeit in interdisziplin\u00e4ren Teams. F\u00fcr die Zukunft auf Schienen.<\/strong><\/p><\/div><\/div><\/div>\t\t\t\t<\/div>\n\t\t\t\t<\/div>\n\t\t\t\t\t<\/div>\n\t\t<\/div>\n\t\t\t\t<div class=\"elementor-column elementor-col-50 elementor-top-column elementor-element elementor-element-80461a5\" data-id=\"80461a5\" data-element_type=\"column\" data-e-type=\"column\">\n\t\t\t<div class=\"elementor-widget-wrap elementor-element-populated\">\n\t\t\t\t\t\t<div class=\"elementor-element elementor-element-3237d92 elementor-widget elementor-widget-paragraph\" data-id=\"3237d92\" data-element_type=\"widget\" data-e-type=\"widget\" data-widget_type=\"paragraph.default\">\n\t\t\t\t<div class=\"elementor-widget-container\">\n\t\t\t\t\t<div><div id=\"par3237d92\" class=\"paragraph \"><div class=\"paragraph__content\"><p>Unsere Mitarbeiter:innen gestalten durch ihre Arbeit die Mobilit\u00e4t von morgen. In einem engagierten und kollegialen Umfeld schaffen wir handfeste Ergebnisse und Innovationen f\u00fcr die Bahnbranche. Erfahren Sie mehr \u00fcber die <a href=\"https:\/\/signon-group.com\/karriere\/mein-arbeitgeber\">Arbeit bei SIGNON<\/a>, <a href=\"https:\/\/signon-group.com\/karriere\/mein-einstieg\">Ihren Einstieg bei uns<\/a> oder browsen Sie direkt durch unsere <a href=\"https:\/\/signon-group.com\/karriere\/stellenboerse\">offenen Stellenangebote<\/a>.<\/p><p>Wir freuen uns auf Sie!<\/p><\/div><\/div><\/div>\t\t\t\t<\/div>\n\t\t\t\t<\/div>\n\t\t\t\t\t<\/div>\n\t\t<\/div>\n\t\t\t\t\t<\/div>\n\t\t<\/section>\n\t\t\t\t<section class=\"elementor-section elementor-top-section elementor-element elementor-element-d997829 elementor-section-boxed elementor-section-height-default elementor-section-height-default\" data-id=\"d997829\" data-element_type=\"section\" data-e-type=\"section\">\n\t\t\t\t\t\t<div class=\"elementor-container elementor-column-gap-default\">\n\t\t\t\t\t<div class=\"elementor-column elementor-col-100 elementor-top-column elementor-element elementor-element-538c2ed\" data-id=\"538c2ed\" data-element_type=\"column\" data-e-type=\"column\">\n\t\t\t<div class=\"elementor-widget-wrap elementor-element-populated\">\n\t\t\t\t\t\t<div class=\"elementor-element elementor-element-b7cf6a7 elementor-widget-divider--view-line elementor-widget elementor-widget-divider\" data-id=\"b7cf6a7\" data-element_type=\"widget\" data-e-type=\"widget\" data-widget_type=\"divider.default\">\n\t\t\t\t<div class=\"elementor-widget-container\">\n\t\t\t\t\t\t\t<div class=\"elementor-divider\">\n\t\t\t<span class=\"elementor-divider-separator\">\n\t\t\t\t\t\t<\/span>\n\t\t<\/div>\n\t\t\t\t\t\t<\/div>\n\t\t\t\t<\/div>\n\t\t\t\t\t<\/div>\n\t\t<\/div>\n\t\t\t\t\t<\/div>\n\t\t<\/section>\n\t\t\t\t<section class=\"elementor-section elementor-top-section elementor-element elementor-element-e84589f elementor-section-full_width elementor-section-height-default elementor-section-height-default\" data-id=\"e84589f\" data-element_type=\"section\" data-e-type=\"section\">\n\t\t\t\t\t\t<div class=\"elementor-container elementor-column-gap-default\">\n\t\t\t\t\t<div class=\"elementor-column elementor-col-100 elementor-top-column elementor-element elementor-element-85cbf2b\" data-id=\"85cbf2b\" data-element_type=\"column\" data-e-type=\"column\">\n\t\t\t<div class=\"elementor-widget-wrap elementor-element-populated\">\n\t\t\t\t\t\t<div class=\"elementor-element elementor-element-d6b8157 elementor-widget elementor-widget-ImageTopGrid\" data-id=\"d6b8157\" data-element_type=\"widget\" data-e-type=\"widget\" data-widget_type=\"ImageTopGrid.default\">\n\t\t\t\t<div class=\"elementor-widget-container\">\n\t\t\t\t\t<div class=\"bg-white\"><div class=\"container image-top-grid\"><div class=\"row\"><div class=\"\u0441ol col-12 col-md-6 image-top-grid__item\"><a  url=\"https:\/\/signon-group.com\/karriere\/mein-arbeitgeber\" is_external=\"\" nofollow=\"\" custom_attributes=\"\" href=\"https:\/\/signon-group.com\/karriere\/mein-arbeitgeber\"  class=\"w-100 d-none d-md-block image-top-grid__img\" style=\"background-image: url(https:\/\/signon-group.com\/wp-content\/uploads\/2020\/12\/Rectangle-513.jpg)\"><\/a><a  url=\"https:\/\/signon-group.com\/karriere\/mein-arbeitgeber\" is_external=\"\" nofollow=\"\" custom_attributes=\"\" href=\"https:\/\/signon-group.com\/karriere\/mein-arbeitgeber\"  class=\"w-100 d-block d-md-none image-top-grid__img\" style=\"background-image: url(https:\/\/signon-group.com\/wp-content\/uploads\/2020\/12\/Rectangle-513.jpg)\"><\/a><h3 class=\"image-top-grid__title\">Die SIGNON - Meine Arbeitgeberin<\/h3><div class=\"image-top-grid__desc\"><p>SIGNON agiert deutschlandweit an vier Standorten. Wir sind ein moderner Arbeitgebender, der seine Mitarbeiter:innen sch\u00e4tzt. Unsere Mitarbeiter:innen verleihen uns die Kompetenz, die wir an unsere Kund:innen weitergeben. Finden Sie mehr heraus \u00fcber SIGNON als Arbeitgebender.<\/p><\/div><a  url=\"https:\/\/signon-group.com\/karriere\/mein-arbeitgeber\" is_external=\"\" nofollow=\"\" custom_attributes=\"\" href=\"https:\/\/signon-group.com\/karriere\/mein-arbeitgeber\"  class=\"btn btn-outline-primary image-top-grid__link button mb-5\">Mehr erfahren<\/a><\/div><div class=\"\u0441ol col-12 col-md-6 image-top-grid__item\"><a  url=\"https:\/\/signon-group.com\/karriere\/mein-einstieg\" is_external=\"\" nofollow=\"\" custom_attributes=\"\" href=\"https:\/\/signon-group.com\/karriere\/mein-einstieg\"  class=\"w-100 d-none d-md-block image-top-grid__img\" style=\"background-image: url(https:\/\/signon-group.com\/wp-content\/uploads\/2020\/12\/Mein-Einstieg-bei-SIGNON.jpg)\"><\/a><a  url=\"https:\/\/signon-group.com\/karriere\/mein-einstieg\" is_external=\"\" nofollow=\"\" custom_attributes=\"\" href=\"https:\/\/signon-group.com\/karriere\/mein-einstieg\"  class=\"w-100 d-block d-md-none image-top-grid__img\" style=\"background-image: url(https:\/\/signon-group.com\/wp-content\/uploads\/2020\/12\/Mein-Einstieg-bei-SIGNON-1024x768.jpg)\"><\/a><h3 class=\"image-top-grid__title\">Mein Einstieg bei SIGNON<\/h3><div class=\"image-top-grid__desc\"><p>Unsere Mitarbeiter:innen sind unser Kapital - wir leben ein respektvolles Miteinander. Eine fundierte Einarbeitung ist f\u00fcr uns selbstverst\u00e4ndlich. F\u00fcr Ihren Start bei SIGNON ist alles vorbereitet. Und Ihre Kolleg:innen freuen sich bereits auf Sie. Erfahren Sie mehr zum Einstieg bei SIGNON:<\/p><\/div><a  url=\"https:\/\/signon-group.com\/karriere\/mein-einstieg\" is_external=\"\" nofollow=\"\" custom_attributes=\"\" href=\"https:\/\/signon-group.com\/karriere\/mein-einstieg\"  class=\"btn btn-outline-primary image-top-grid__link button mb-5\">Mehr erfahren<\/a><\/div><div class=\"\u0441ol col-12 col-md-6 image-top-grid__item\"><a  url=\"https:\/\/signon-group.com\/karriere\/mein-einstieg\/schueler-und-studenten\" is_external=\"\" nofollow=\"\" custom_attributes=\"\" href=\"https:\/\/signon-group.com\/karriere\/mein-einstieg\/schueler-und-studenten\"  class=\"w-100 d-none d-md-block image-top-grid__img\" style=\"background-image: url(https:\/\/signon-group.com\/wp-content\/uploads\/2020\/12\/Schuler-und-Studenten.jpg)\"><\/a><a  url=\"https:\/\/signon-group.com\/karriere\/mein-einstieg\/schueler-und-studenten\" is_external=\"\" nofollow=\"\" custom_attributes=\"\" href=\"https:\/\/signon-group.com\/karriere\/mein-einstieg\/schueler-und-studenten\"  class=\"w-100 d-block d-md-none image-top-grid__img\" style=\"background-image: url(https:\/\/signon-group.com\/wp-content\/uploads\/2020\/12\/Schuler-und-Studenten-1024x768.jpg)\"><\/a><h3 class=\"image-top-grid__title\">Sch\u00fcler:innen und Student:innen<\/h3><div class=\"image-top-grid__desc\"><p>Bei SIGNON arbeiten Verkehrsingenieur:innen und Software Expert:innen Hand in Hand. Bei uns lernt man in interdisziplin\u00e4ren Teams das Know-how von den Expert:innen. Wir bieten regelm\u00e4\u00dfig Praktika und Pl\u00e4tze f\u00fcr Werkstudent:innen. Mehr erfahren \u00fcber unser Angebot f\u00fcr Sch\u00fcler:innen und Student:innen.<\/p><\/div><a  url=\"https:\/\/signon-group.com\/karriere\/mein-einstieg\/schueler-und-studenten\" is_external=\"\" nofollow=\"\" custom_attributes=\"\" href=\"https:\/\/signon-group.com\/karriere\/mein-einstieg\/schueler-und-studenten\"  class=\"btn btn-outline-primary image-top-grid__link button mb-5\">Mehr erfahren<\/a><\/div><div class=\"\u0441ol col-12 col-md-6 image-top-grid__item\"><a  url=\"https:\/\/signon-group.com\/karriere\/mein-einstieg\/duales-studium\" is_external=\"\" nofollow=\"\" custom_attributes=\"\" href=\"https:\/\/signon-group.com\/karriere\/mein-einstieg\/duales-studium\"  class=\"w-100 d-none d-md-block image-top-grid__img\" style=\"background-image: url(https:\/\/signon-group.com\/wp-content\/uploads\/2020\/12\/Duales-Studium.jpg)\"><\/a><a  url=\"https:\/\/signon-group.com\/karriere\/mein-einstieg\/duales-studium\" is_external=\"\" nofollow=\"\" custom_attributes=\"\" href=\"https:\/\/signon-group.com\/karriere\/mein-einstieg\/duales-studium\"  class=\"w-100 d-block d-md-none image-top-grid__img\" style=\"background-image: url(https:\/\/signon-group.com\/wp-content\/uploads\/2020\/12\/Duales-Studium-1024x768.jpg)\"><\/a><h3 class=\"image-top-grid__title\">Duales Studium<\/h3><div class=\"image-top-grid__desc\"><p>Wir bieten einen spannenden Einstieg in die Bahnwelt mit einem dualen Studium in den Fachrichtungen Elektrotechnik und Informatik. SIGNON \u00fcbernimmt dabei die Studienkosten und zahlt eine faire Verg\u00fctung. Mehr erfahren zum dualen Studium bei SIGNON.<\/p><\/div><a  url=\"https:\/\/signon-group.com\/karriere\/mein-einstieg\/duales-studium\" is_external=\"\" nofollow=\"\" custom_attributes=\"\" href=\"https:\/\/signon-group.com\/karriere\/mein-einstieg\/duales-studium\"  class=\"btn btn-outline-primary image-top-grid__link button mb-5\">Mehr erfahren<\/a><\/div><div class=\"\u0441ol col-12 col-md-6 image-top-grid__item\"><a  url=\"https:\/\/signon-group.com\/karriere\/mein-einstieg\/professionals\" is_external=\"\" nofollow=\"\" custom_attributes=\"\" href=\"https:\/\/signon-group.com\/karriere\/mein-einstieg\/professionals\"  class=\"w-100 d-none d-md-block image-top-grid__img\" style=\"background-image: url(https:\/\/signon-group.com\/wp-content\/uploads\/2020\/12\/SIGNON-Mein-Arbeitgeber.jpg)\"><\/a><a  url=\"https:\/\/signon-group.com\/karriere\/mein-einstieg\/professionals\" is_external=\"\" nofollow=\"\" custom_attributes=\"\" href=\"https:\/\/signon-group.com\/karriere\/mein-einstieg\/professionals\"  class=\"w-100 d-block d-md-none image-top-grid__img\" style=\"background-image: url(https:\/\/signon-group.com\/wp-content\/uploads\/2020\/12\/SIGNON-Mein-Arbeitgeber-1024x768.jpg)\"><\/a><h3 class=\"image-top-grid__title\">Professionals<\/h3><div class=\"image-top-grid__desc\"><p>Vielf\u00e4ltige Teams und ein spannendes Projektumfeld. Bei SIGNON k\u00f6nnen sich Fachkr\u00e4fte verwirklichen. Wir bieten regelm\u00e4\u00dfige Weiterbildungsm\u00f6glichkeiten und einen regen Wissensaustausch. Gestalten Sie mit SIGNON die Mobilit\u00e4t von morgen.<\/p><\/div><a  url=\"https:\/\/signon-group.com\/karriere\/mein-einstieg\/professionals\" is_external=\"\" nofollow=\"\" custom_attributes=\"\" href=\"https:\/\/signon-group.com\/karriere\/mein-einstieg\/professionals\"  class=\"btn btn-outline-primary image-top-grid__link button mb-5\">Mehr erfahren<\/a><\/div><\/div><\/div><\/div>\t\t\t\t<\/div>\n\t\t\t\t<\/div>\n\t\t\t\t\t<\/div>\n\t\t<\/div>\n\t\t\t\t\t<\/div>\n\t\t<\/section>\n\t\t\t\t<section class=\"elementor-section elementor-top-section elementor-element elementor-element-4dc9f71 elementor-section-full_width elementor-section-height-default elementor-section-height-default\" data-id=\"4dc9f71\" data-element_type=\"section\" data-e-type=\"section\">\n\t\t\t\t\t\t<div class=\"elementor-container elementor-column-gap-default\">\n\t\t\t\t\t<div class=\"elementor-column elementor-col-100 elementor-top-column elementor-element elementor-element-adf8a46\" data-id=\"adf8a46\" data-element_type=\"column\" data-e-type=\"column\">\n\t\t\t<div class=\"elementor-widget-wrap elementor-element-populated\">\n\t\t\t\t\t\t<div class=\"elementor-element elementor-element-b170d0a elementor-widget elementor-widget-contact_button\" data-id=\"b170d0a\" data-element_type=\"widget\" data-e-type=\"widget\" data-widget_type=\"contact_button.default\">\n\t\t\t\t<div class=\"elementor-widget-container\">\n\t\t\t\t\t<div class=\"container p-0\"><div class=\"contact-btn contact-btn-bg\" ><div class=\"contact-btn__bgimg\" style=\"background-image: url(https:\/\/signon-group.com\/wp-content\/uploads\/2020\/12\/Banner-Desktop.jpg)\"><\/div><div class=\"contact-btn__bgimg contact-btn__bgimg-small\" style=\"background-image: url(https:\/\/signon-group.com\/wp-content\/uploads\/2020\/12\/Banner-Desktop.jpg)\"><\/div><div class=\"contact-btn__desc contact-btn__desc-white\"><div><p>Sie m\u00f6chten direkt zu unseren offenen Stellenangeboten? Browsen Sie durch alle offenen Stellen an unseren vier Standorten. Unsere Filterfunktionen erm\u00f6glichen eine Sortierung nach Standort, Einstiegslevel oder Stichworten. Wir freuen uns auf Ihre Bewerbung!<\/p><\/div><\/div><div class=\"contact-btn__link\"><a  url=\"https:\/\/signon-group.com\/karriere\/stellenboerse\" is_external=\"\" nofollow=\"\" custom_attributes=\"\" href=\"https:\/\/signon-group.com\/karriere\/stellenboerse\" class=\"btn btn-primary  button\">Kontaktieren<\/a><\/div><\/div><\/div>\t\t\t\t<\/div>\n\t\t\t\t<\/div>\n\t\t\t\t\t<\/div>\n\t\t<\/div>\n\t\t\t\t\t<\/div>\n\t\t<\/section>\n\t\t\t\t<\/div>\n\t\t","protected":false},"excerpt":{"rendered":"<p>Home Ihre Karriere bei SIGNON Arbeit in interdisziplin\u00e4ren Teams. F\u00fcr die Zukunft auf Schienen. Unsere Mitarbeiter:innen gestalten durch ihre Arbeit die Mobilit\u00e4t von morgen. In einem engagierten und kollegialen Umfeld schaffen wir handfeste Ergebnisse und Innovationen f\u00fcr die Bahnbranche. Erfahren Sie mehr \u00fcber die Arbeit bei SIGNON, Ihren Einstieg bei uns oder browsen Sie direkt [&hellip;]<\/p>\n","protected":false},"author":1,"featured_media":0,"parent":0,"menu_order":0,"comment_status":"closed","ping_status":"closed","template":"","meta":{"_acf_changed":false,"footnotes":""},"class_list":["post-5453","page","type-page","status-publish","hentry"],"acf":[],"yoast_head":"<!-- This site is optimized with the Yoast SEO plugin v27.3 - https:\/\/yoast.com\/product\/yoast-seo-wordpress\/ -->\n<title>Karriere: Arbeitgeber, Stellenangebote &amp; Jobs | SIGNON<\/title>\n<meta name=\"description\" content=\"Jobs bei SIGNON: Wir bieten engagierten Personen eine Vielzahl von qualitativen Jobs in unserem Unternehmen an \u25ba Bewerben Sie sich jetzt online!\" \/>\n<meta name=\"robots\" content=\"index, follow, max-snippet:-1, max-image-preview:large, max-video-preview:-1\" \/>\n<link rel=\"canonical\" href=\"https:\/\/signon-group.com\/en\/karriere\" \/>\n<meta property=\"og:locale\" content=\"en_US\" \/>\n<meta property=\"og:type\" content=\"article\" \/>\n<meta property=\"og:title\" content=\"Karriere: Arbeitgeber, Stellenangebote &amp; Jobs | SIGNON\" \/>\n<meta property=\"og:description\" content=\"Jobs bei SIGNON: Wir bieten engagierten Personen eine Vielzahl von qualitativen Jobs in unserem Unternehmen an \u25ba Bewerben Sie sich jetzt online!\" \/>\n<meta property=\"og:url\" content=\"https:\/\/signon-group.com\/en\/karriere\" \/>\n<meta property=\"og:site_name\" content=\"SIGNON\" \/>\n<meta property=\"article:modified_time\" content=\"2024-09-12T16:16:15+00:00\" \/>\n<meta name=\"twitter:card\" content=\"summary_large_image\" \/>\n<meta name=\"twitter:label1\" content=\"Est. reading time\" \/>\n\t<meta name=\"twitter:data1\" content=\"2 minutes\" \/>\n<script type=\"application\/ld+json\" class=\"yoast-schema-graph\">{\"@context\":\"https:\\\/\\\/schema.org\",\"@graph\":[{\"@type\":\"WebPage\",\"@id\":\"https:\\\/\\\/signon-group.com\\\/en\\\/karriere\",\"url\":\"https:\\\/\\\/signon-group.com\\\/en\\\/karriere\",\"name\":\"Karriere: Arbeitgeber, Stellenangebote & Jobs | SIGNON\",\"isPartOf\":{\"@id\":\"https:\\\/\\\/signon-group.com\\\/en#website\"},\"datePublished\":\"2020-11-22T19:36:28+00:00\",\"dateModified\":\"2024-09-12T16:16:15+00:00\",\"description\":\"Jobs bei SIGNON: Wir bieten engagierten Personen eine Vielzahl von qualitativen Jobs in unserem Unternehmen an \u25ba Bewerben Sie sich jetzt online!\",\"inLanguage\":\"en-US\",\"potentialAction\":[{\"@type\":\"ReadAction\",\"target\":[\"https:\\\/\\\/signon-group.com\\\/en\\\/karriere\"]}]},{\"@type\":\"WebSite\",\"@id\":\"https:\\\/\\\/signon-group.com\\\/en#website\",\"url\":\"https:\\\/\\\/signon-group.com\\\/en\",\"name\":\"SIGNON\",\"description\":\"\",\"potentialAction\":[{\"@type\":\"SearchAction\",\"target\":{\"@type\":\"EntryPoint\",\"urlTemplate\":\"https:\\\/\\\/signon-group.com\\\/en?s={search_term_string}\"},\"query-input\":{\"@type\":\"PropertyValueSpecification\",\"valueRequired\":true,\"valueName\":\"search_term_string\"}}],\"inLanguage\":\"en-US\"}]}<\/script>\n<!-- \/ Yoast SEO plugin. -->","yoast_head_json":{"title":"Karriere: Arbeitgeber, Stellenangebote & Jobs | SIGNON","description":"Jobs bei SIGNON: Wir bieten engagierten Personen eine Vielzahl von qualitativen Jobs in unserem Unternehmen an \u25ba Bewerben Sie sich jetzt online!","robots":{"index":"index","follow":"follow","max-snippet":"max-snippet:-1","max-image-preview":"max-image-preview:large","max-video-preview":"max-video-preview:-1"},"canonical":"https:\/\/signon-group.com\/en\/karriere","og_locale":"en_US","og_type":"article","og_title":"Karriere: Arbeitgeber, Stellenangebote & Jobs | SIGNON","og_description":"Jobs bei SIGNON: Wir bieten engagierten Personen eine Vielzahl von qualitativen Jobs in unserem Unternehmen an \u25ba Bewerben Sie sich jetzt online!","og_url":"https:\/\/signon-group.com\/en\/karriere","og_site_name":"SIGNON","article_modified_time":"2024-09-12T16:16:15+00:00","twitter_card":"summary_large_image","twitter_misc":{"Est. reading time":"2 minutes"},"schema":{"@context":"https:\/\/schema.org","@graph":[{"@type":"WebPage","@id":"https:\/\/signon-group.com\/en\/karriere","url":"https:\/\/signon-group.com\/en\/karriere","name":"Karriere: Arbeitgeber, Stellenangebote & Jobs | SIGNON","isPartOf":{"@id":"https:\/\/signon-group.com\/en#website"},"datePublished":"2020-11-22T19:36:28+00:00","dateModified":"2024-09-12T16:16:15+00:00","description":"Jobs bei SIGNON: Wir bieten engagierten Personen eine Vielzahl von qualitativen Jobs in unserem Unternehmen an \u25ba Bewerben Sie sich jetzt online!","inLanguage":"en-US","potentialAction":[{"@type":"ReadAction","target":["https:\/\/signon-group.com\/en\/karriere"]}]},{"@type":"WebSite","@id":"https:\/\/signon-group.com\/en#website","url":"https:\/\/signon-group.com\/en","name":"SIGNON","description":"","potentialAction":[{"@type":"SearchAction","target":{"@type":"EntryPoint","urlTemplate":"https:\/\/signon-group.com\/en?s={search_term_string}"},"query-input":{"@type":"PropertyValueSpecification","valueRequired":true,"valueName":"search_term_string"}}],"inLanguage":"en-US"}]}},"_links":{"self":[{"href":"https:\/\/signon-group.com\/en\/wp-json\/wp\/v2\/pages\/5453","targetHints":{"allow":["GET"]}}],"collection":[{"href":"https:\/\/signon-group.com\/en\/wp-json\/wp\/v2\/pages"}],"about":[{"href":"https:\/\/signon-group.com\/en\/wp-json\/wp\/v2\/types\/page"}],"author":[{"embeddable":true,"href":"https:\/\/signon-group.com\/en\/wp-json\/wp\/v2\/users\/1"}],"replies":[{"embeddable":true,"href":"https:\/\/signon-group.com\/en\/wp-json\/wp\/v2\/comments?post=5453"}],"version-history":[{"count":6,"href":"https:\/\/signon-group.com\/en\/wp-json\/wp\/v2\/pages\/5453\/revisions"}],"predecessor-version":[{"id":15695,"href":"https:\/\/signon-group.com\/en\/wp-json\/wp\/v2\/pages\/5453\/revisions\/15695"}],"wp:attachment":[{"href":"https:\/\/signon-group.com\/en\/wp-json\/wp\/v2\/media?parent=5453"}],"curies":[{"name":"wp","href":"https:\/\/api.w.org\/{rel}","templated":true}]}}