{"id":5434,"date":"2020-11-25T17:48:32","date_gmt":"2020-11-25T14:48:32","guid":{"rendered":"https:\/\/signon-group.com\/dienstleistung\/technische-beratung\/digitalisierung"},"modified":"2024-09-16T13:49:55","modified_gmt":"2024-09-16T11:49:55","slug":"digitalisierung","status":"publish","type":"page","link":"https:\/\/signon-group.com\/en\/service\/technical-consulting\/digitalisierung","title":{"rendered":"Digitalisierung"},"content":{"rendered":"\t\t<div data-elementor-type=\"wp-page\" data-elementor-id=\"5434\" class=\"elementor elementor-5434 elementor-512\" data-elementor-post-type=\"page\">\n\t\t\t\t\t\t<section class=\"elementor-section elementor-top-section elementor-element elementor-element-6a42362 elementor-section-boxed elementor-section-height-default elementor-section-height-default\" data-id=\"6a42362\" data-element_type=\"section\" data-e-type=\"section\">\n\t\t\t\t\t\t<div class=\"elementor-container elementor-column-gap-default\">\n\t\t\t\t\t<div class=\"elementor-column elementor-col-100 elementor-top-column elementor-element elementor-element-41148ab\" data-id=\"41148ab\" data-element_type=\"column\" data-e-type=\"column\">\n\t\t\t<div class=\"elementor-widget-wrap elementor-element-populated\">\n\t\t\t\t\t\t<div class=\"elementor-element elementor-element-667f529 elementor-widget elementor-widget-breadcrumbs_signon\" data-id=\"667f529\" data-element_type=\"widget\" data-e-type=\"widget\" data-widget_type=\"breadcrumbs_signon.default\">\n\t\t\t\t<div class=\"elementor-widget-container\">\n\t\t\t\t\t<div class=\"so-breadcrumbs\" itemscope itemtype=\"http:\/\/schema.org\/BreadcrumbList\"><span class=\"breadcrumb-link-wrapper\" itemprop=\"itemListElement\" itemscope itemtype=\"http:\/\/schema.org\/ListItem\"><a href=\"https:\/\/signon-group.com\/en\" itemprop=\"item\"><span itemprop=\"name\">Home<\/span><\/a><\/span><\/div>\t\t\t\t<\/div>\n\t\t\t\t<\/div>\n\t\t\t\t\t<\/div>\n\t\t<\/div>\n\t\t\t\t\t<\/div>\n\t\t<\/section>\n\t\t\t\t<section class=\"elementor-section elementor-top-section elementor-element elementor-element-7b4514b elementor-section-boxed elementor-section-height-default elementor-section-height-default\" data-id=\"7b4514b\" data-element_type=\"section\" data-e-type=\"section\">\n\t\t\t\t\t\t<div class=\"elementor-container elementor-column-gap-default\">\n\t\t\t\t\t<div class=\"elementor-column elementor-col-100 elementor-top-column elementor-element elementor-element-7a9a26c\" data-id=\"7a9a26c\" data-element_type=\"column\" data-e-type=\"column\">\n\t\t\t<div class=\"elementor-widget-wrap elementor-element-populated\">\n\t\t\t\t\t\t<div class=\"elementor-element elementor-element-41e1a68 elementor-widget elementor-widget-banner\" data-id=\"41e1a68\" data-element_type=\"widget\" data-e-type=\"widget\" data-widget_type=\"banner.default\">\n\t\t\t\t<div class=\"elementor-widget-container\">\n\t\t\t\t\t<div class=\"banner container  banner-shadow\"><div class=\"d-none d-md-block  w-100 banner__img auto\" style=\"background-image: url(https:\/\/signon-group.com\/wp-content\/uploads\/2020\/12\/Header-Desktop-21.jpg)\" ><\/div><div class=\"d-block d-md-none w-100 banner__img auto\" style=\"background-image: url(https:\/\/signon-group.com\/wp-content\/uploads\/2020\/12\/Header-Desktop-21-1024x273.jpg)\" ><\/div><\/div>\t\t\t\t<\/div>\n\t\t\t\t<\/div>\n\t\t\t\t\t<\/div>\n\t\t<\/div>\n\t\t\t\t\t<\/div>\n\t\t<\/section>\n\t\t\t\t<section class=\"elementor-section elementor-top-section elementor-element elementor-element-c7266bf elementor-section-boxed elementor-section-height-default elementor-section-height-default\" data-id=\"c7266bf\" data-element_type=\"section\" data-e-type=\"section\">\n\t\t\t\t\t\t<div class=\"elementor-container elementor-column-gap-default\">\n\t\t\t\t\t<div class=\"elementor-column elementor-col-100 elementor-top-column elementor-element elementor-element-7b16ebf\" data-id=\"7b16ebf\" data-element_type=\"column\" data-e-type=\"column\">\n\t\t\t<div class=\"elementor-widget-wrap elementor-element-populated\">\n\t\t\t\t\t\t<div class=\"elementor-element elementor-element-528dd1d elementor-widget elementor-widget-heading\" data-id=\"528dd1d\" data-element_type=\"widget\" data-e-type=\"widget\" data-widget_type=\"heading.default\">\n\t\t\t\t<div class=\"elementor-widget-container\">\n\t\t\t\t\t<h1 class=\"heading heading__title-secondary heading-auto\">Digitalisierung im Schienenverkehr.<\/h1>\t\t\t\t<\/div>\n\t\t\t\t<\/div>\n\t\t\t\t\t<\/div>\n\t\t<\/div>\n\t\t\t\t\t<\/div>\n\t\t<\/section>\n\t\t\t\t<section class=\"elementor-section elementor-top-section elementor-element elementor-element-b2f0813 elementor-section-boxed elementor-section-height-default elementor-section-height-default\" data-id=\"b2f0813\" data-element_type=\"section\" data-e-type=\"section\">\n\t\t\t\t\t\t<div class=\"elementor-container elementor-column-gap-default\">\n\t\t\t\t\t<div class=\"elementor-column elementor-col-50 elementor-top-column elementor-element elementor-element-b70a6ea\" data-id=\"b70a6ea\" data-element_type=\"column\" data-e-type=\"column\">\n\t\t\t<div class=\"elementor-widget-wrap elementor-element-populated\">\n\t\t\t\t\t\t<div class=\"elementor-element elementor-element-c7f545c elementor-widget elementor-widget-paragraph\" data-id=\"c7f545c\" data-element_type=\"widget\" data-e-type=\"widget\" data-widget_type=\"paragraph.default\">\n\t\t\t\t<div class=\"elementor-widget-container\">\n\t\t\t\t\t<div><div id=\"parc7f545c\" class=\"paragraph \"><div class=\"paragraph__content\"><p><strong>Entfalten Sie mit SIGNON Ihr Digitalisierungspotential.<\/strong><\/p><\/div><\/div><\/div>\t\t\t\t<\/div>\n\t\t\t\t<\/div>\n\t\t\t\t\t<\/div>\n\t\t<\/div>\n\t\t\t\t<div class=\"elementor-column elementor-col-50 elementor-top-column elementor-element elementor-element-95c7532\" data-id=\"95c7532\" data-element_type=\"column\" data-e-type=\"column\">\n\t\t\t<div class=\"elementor-widget-wrap elementor-element-populated\">\n\t\t\t\t\t\t<div class=\"elementor-element elementor-element-8c19bc9 elementor-widget elementor-widget-paragraph\" data-id=\"8c19bc9\" data-element_type=\"widget\" data-e-type=\"widget\" data-widget_type=\"paragraph.default\">\n\t\t\t\t<div class=\"elementor-widget-container\">\n\t\t\t\t\t<div><div id=\"par8c19bc9\" class=\"paragraph \"><div class=\"paragraph__content\"><p>Mit unserer Leistung zur Digitalisierungsberatung helfen wir unseren Kund:innen, in komplexen, zeitintensiven Gesch\u00e4fts- oder Technikprozessen zielgerichtet Innovations- und Optimierungspotenziale zu identifizieren. Dazu analysieren wir mit unseren Dom\u00e4nenexpert:innen (z. B. aus der Eisenbahn) die Prozess- und Techniklandschaft unserer Kund:innen und entwerfen L\u00f6sungskonzepte auf Basis von IT-Technologien. Um die Entscheidungsfindung f\u00fcr die Realisierung zu unterst\u00fctzen, wird zudem der wirtschaftliche Nutzen quantifiziert und eine Handlungsempfehlung ausgearbeitet.<\/p><\/div><\/div><\/div>\t\t\t\t<\/div>\n\t\t\t\t<\/div>\n\t\t\t\t\t<\/div>\n\t\t<\/div>\n\t\t\t\t\t<\/div>\n\t\t<\/section>\n\t\t\t\t<section class=\"elementor-section elementor-top-section elementor-element elementor-element-f642b8f elementor-section-boxed elementor-section-height-default elementor-section-height-default\" data-id=\"f642b8f\" data-element_type=\"section\" data-e-type=\"section\">\n\t\t\t\t\t\t<div class=\"elementor-container elementor-column-gap-default\">\n\t\t\t\t\t<div class=\"elementor-column elementor-col-100 elementor-top-column elementor-element elementor-element-503a2a5\" data-id=\"503a2a5\" data-element_type=\"column\" data-e-type=\"column\">\n\t\t\t<div class=\"elementor-widget-wrap elementor-element-populated\">\n\t\t\t\t\t\t<div class=\"elementor-element elementor-element-23cc070 elementor-widget-divider--view-line elementor-widget elementor-widget-divider\" data-id=\"23cc070\" data-element_type=\"widget\" data-e-type=\"widget\" data-widget_type=\"divider.default\">\n\t\t\t\t<div class=\"elementor-widget-container\">\n\t\t\t\t\t\t\t<div class=\"elementor-divider\">\n\t\t\t<span class=\"elementor-divider-separator\">\n\t\t\t\t\t\t<\/span>\n\t\t<\/div>\n\t\t\t\t\t\t<\/div>\n\t\t\t\t<\/div>\n\t\t\t\t\t<\/div>\n\t\t<\/div>\n\t\t\t\t\t<\/div>\n\t\t<\/section>\n\t\t\t\t<section class=\"elementor-section elementor-top-section elementor-element elementor-element-08676af elementor-section-boxed elementor-section-height-default elementor-section-height-default\" data-id=\"08676af\" data-element_type=\"section\" data-e-type=\"section\">\n\t\t\t\t\t\t<div class=\"elementor-container elementor-column-gap-default\">\n\t\t\t\t\t<div class=\"elementor-column elementor-col-50 elementor-top-column elementor-element elementor-element-85c0275\" data-id=\"85c0275\" data-element_type=\"column\" data-e-type=\"column\">\n\t\t\t<div class=\"elementor-widget-wrap elementor-element-populated\">\n\t\t\t\t\t\t<div class=\"elementor-element elementor-element-fdb0c73 elementor-widget elementor-widget-heading\" data-id=\"fdb0c73\" data-element_type=\"widget\" data-e-type=\"widget\" data-widget_type=\"heading.default\">\n\t\t\t\t<div class=\"elementor-widget-container\">\n\t\t\t\t\t<h2 class=\"heading heading__title-secondary heading-auto\">Unsere Leistungen<\/h2>\t\t\t\t<\/div>\n\t\t\t\t<\/div>\n\t\t\t\t<div class=\"elementor-element elementor-element-ad042d6 elementor-widget elementor-widget-paragraph\" data-id=\"ad042d6\" data-element_type=\"widget\" data-e-type=\"widget\" data-widget_type=\"paragraph.default\">\n\t\t\t\t<div class=\"elementor-widget-container\">\n\t\t\t\t\t<div><div id=\"parad042d6\" class=\"paragraph \"><div class=\"paragraph__content\"><ul><li>Analysieren der Gesch\u00e4fts- und Technikprozesse zur Identifikation von Optimierungspotenzialen<\/li><li>Entwurf von L\u00f6sungskonzepten<\/li><li>Wirtschaftlichkeitsanalyse<\/li><\/ul><\/div><\/div><\/div>\t\t\t\t<\/div>\n\t\t\t\t<\/div>\n\t\t\t\t\t<\/div>\n\t\t<\/div>\n\t\t\t\t<div class=\"elementor-column elementor-col-50 elementor-top-column elementor-element elementor-element-e2f278d\" data-id=\"e2f278d\" data-element_type=\"column\" data-e-type=\"column\">\n\t\t\t<div class=\"elementor-widget-wrap elementor-element-populated\">\n\t\t\t\t\t\t<div class=\"elementor-element elementor-element-76c138b elementor-widget elementor-widget-heading\" data-id=\"76c138b\" data-element_type=\"widget\" data-e-type=\"widget\" data-widget_type=\"heading.default\">\n\t\t\t\t<div class=\"elementor-widget-container\">\n\t\t\t\t\t<h2 class=\"heading heading__title-secondary heading-auto\">Ihr Nutzen<\/h2>\t\t\t\t<\/div>\n\t\t\t\t<\/div>\n\t\t\t\t<div class=\"elementor-element elementor-element-1a56e96 elementor-widget elementor-widget-paragraph\" data-id=\"1a56e96\" data-element_type=\"widget\" data-e-type=\"widget\" data-widget_type=\"paragraph.default\">\n\t\t\t\t<div class=\"elementor-widget-container\">\n\t\t\t\t\t<div><div id=\"par1a56e96\" class=\"paragraph \"><div class=\"paragraph__content\"><ul><li>Effizientere Gesch\u00e4ftsprozesse<\/li><li>Produktivit\u00e4tssteigerung<\/li><li>Qualit\u00e4tssteigerung<\/li><li>Kostenreduktion<\/li><\/ul><\/div><\/div><\/div>\t\t\t\t<\/div>\n\t\t\t\t<\/div>\n\t\t\t\t\t<\/div>\n\t\t<\/div>\n\t\t\t\t\t<\/div>\n\t\t<\/section>\n\t\t\t\t<section class=\"elementor-section elementor-top-section elementor-element elementor-element-46c78b0 elementor-section-boxed elementor-section-height-default elementor-section-height-default\" data-id=\"46c78b0\" data-element_type=\"section\" data-e-type=\"section\">\n\t\t\t\t\t\t<div class=\"elementor-container elementor-column-gap-default\">\n\t\t\t\t\t<div class=\"elementor-column elementor-col-100 elementor-top-column elementor-element elementor-element-3027f6d\" data-id=\"3027f6d\" data-element_type=\"column\" data-e-type=\"column\">\n\t\t\t<div class=\"elementor-widget-wrap elementor-element-populated\">\n\t\t\t\t\t\t<div class=\"elementor-element elementor-element-39bfe69 elementor-widget elementor-widget-contact_button\" data-id=\"39bfe69\" data-element_type=\"widget\" data-e-type=\"widget\" data-widget_type=\"contact_button.default\">\n\t\t\t\t<div class=\"elementor-widget-container\">\n\t\t\t\t\t<div class=\"container p-0\"><div class=\"contact-btn contact-btn-bg contact-btn-default\" ><div class=\"contact-btn__bgimg\" ><\/div><div class=\"contact-btn__bgimg contact-btn__bgimg-small\" ><\/div><div class=\"contact-btn__desc \"><div>Sie haben noch offene Fragen zum Thema Digitalisierung? Nehmen Sie Kontakt mit uns auf. Wir k\u00fcmmern uns gern um Ihr Anliegen.<\/div><\/div><div class=\"contact-btn__link\"><a  url=\"\/kontakt\" is_external=\"\" nofollow=\"\" custom_attributes=\"\" href=\"\/kontakt\" class=\"btn btn-primary  button\">Informieren \/ Kontaktieren<\/a><\/div><\/div><\/div>\t\t\t\t<\/div>\n\t\t\t\t<\/div>\n\t\t\t\t\t<\/div>\n\t\t<\/div>\n\t\t\t\t\t<\/div>\n\t\t<\/section>\n\t\t\t\t<section class=\"elementor-section elementor-top-section elementor-element elementor-element-858b30c elementor-section-boxed elementor-section-height-default elementor-section-height-default\" data-id=\"858b30c\" data-element_type=\"section\" data-e-type=\"section\" data-settings=\"{&quot;background_background&quot;:&quot;classic&quot;}\">\n\t\t\t\t\t\t<div class=\"elementor-container elementor-column-gap-default\">\n\t\t\t\t\t<div class=\"elementor-column elementor-col-100 elementor-top-column elementor-element elementor-element-c26daa9\" data-id=\"c26daa9\" data-element_type=\"column\" data-e-type=\"column\">\n\t\t\t<div class=\"elementor-widget-wrap elementor-element-populated\">\n\t\t\t\t\t\t<div class=\"elementor-element elementor-element-a07638c elementor-widget elementor-widget-scrolltip_signon\" data-id=\"a07638c\" data-element_type=\"widget\" data-e-type=\"widget\" data-widget_type=\"scrolltip_signon.default\">\n\t\t\t\t<div class=\"elementor-widget-container\">\n\t\t\t\t\t<div class=\"scrolltip scrolltip-notext\"><div class=\"scrolltip__title\"><span>Scroll<\/span><\/div><div>\t\t\t\t<\/div>\n\t\t\t\t<\/div>\n\t\t\t\t\t<\/div>\n\t\t<\/div>\n\t\t\t\t\t<\/div>\n\t\t<\/section>\n\t\t\t\t<\/div>\n\t\t","protected":false},"excerpt":{"rendered":"<p>Home Digitalisierung im Schienenverkehr. Entfalten Sie mit SIGNON Ihr Digitalisierungspotential. Mit unserer Leistung zur Digitalisierungsberatung helfen wir unseren Kund:innen, in komplexen, zeitintensiven Gesch\u00e4fts- oder Technikprozessen zielgerichtet Innovations- und Optimierungspotenziale zu identifizieren. Dazu analysieren wir mit unseren Dom\u00e4nenexpert:innen (z. B. aus der Eisenbahn) die Prozess- und Techniklandschaft unserer Kund:innen und entwerfen L\u00f6sungskonzepte auf Basis von IT-Technologien. [&hellip;]<\/p>\n","protected":false},"author":1,"featured_media":0,"parent":5398,"menu_order":0,"comment_status":"closed","ping_status":"closed","template":"","meta":{"_acf_changed":false,"footnotes":""},"class_list":["post-5434","page","type-page","status-publish","hentry"],"acf":[],"yoast_head":"<!-- This site is optimized with the Yoast SEO plugin v27.3 - https:\/\/yoast.com\/product\/yoast-seo-wordpress\/ -->\n<title>Digitalisierung: Optimierung von Bahn-Prozessen | SIGNON<\/title>\n<meta name=\"description\" content=\"Digitale Transformation f\u00fcr Bahn &amp; Zug: Analyse des Ist-Zustands \u2713 Professionelle Beratung zur Prozessoptimierung \u2713 Effizienzsteigernd \u25ba Jetzt informieren!\" \/>\n<meta name=\"robots\" content=\"index, follow, max-snippet:-1, max-image-preview:large, max-video-preview:-1\" \/>\n<link rel=\"canonical\" href=\"https:\/\/signon-group.com\/en\/service\/technical-consulting\/digitalisierung\" \/>\n<meta property=\"og:locale\" content=\"en_US\" \/>\n<meta property=\"og:type\" content=\"article\" \/>\n<meta property=\"og:title\" content=\"Digitalisierung: Optimierung von Bahn-Prozessen | SIGNON\" \/>\n<meta property=\"og:description\" content=\"Digitale Transformation f\u00fcr Bahn &amp; Zug: Analyse des Ist-Zustands \u2713 Professionelle Beratung zur Prozessoptimierung \u2713 Effizienzsteigernd \u25ba Jetzt informieren!\" \/>\n<meta property=\"og:url\" content=\"https:\/\/signon-group.com\/en\/service\/technical-consulting\/digitalisierung\" \/>\n<meta property=\"og:site_name\" content=\"SIGNON\" \/>\n<meta property=\"article:modified_time\" content=\"2024-09-16T11:49:55+00:00\" \/>\n<meta name=\"twitter:card\" content=\"summary_large_image\" \/>\n<meta name=\"twitter:label1\" content=\"Est. reading time\" \/>\n\t<meta name=\"twitter:data1\" content=\"1 minute\" \/>\n<script type=\"application\/ld+json\" class=\"yoast-schema-graph\">{\"@context\":\"https:\\\/\\\/schema.org\",\"@graph\":[{\"@type\":\"WebPage\",\"@id\":\"https:\\\/\\\/signon-group.com\\\/en\\\/service\\\/technical-consulting\\\/digitalisierung\",\"url\":\"https:\\\/\\\/signon-group.com\\\/en\\\/service\\\/technical-consulting\\\/digitalisierung\",\"name\":\"Digitalisierung: Optimierung von Bahn-Prozessen | SIGNON\",\"isPartOf\":{\"@id\":\"https:\\\/\\\/signon-group.com\\\/en#website\"},\"datePublished\":\"2020-11-25T14:48:32+00:00\",\"dateModified\":\"2024-09-16T11:49:55+00:00\",\"description\":\"Digitale Transformation f\u00fcr Bahn & Zug: Analyse des Ist-Zustands \u2713 Professionelle Beratung zur Prozessoptimierung \u2713 Effizienzsteigernd \u25ba Jetzt informieren!\",\"breadcrumb\":{\"@id\":\"https:\\\/\\\/signon-group.com\\\/en\\\/service\\\/technical-consulting\\\/digitalisierung#breadcrumb\"},\"inLanguage\":\"en-US\",\"potentialAction\":[{\"@type\":\"ReadAction\",\"target\":[\"https:\\\/\\\/signon-group.com\\\/en\\\/service\\\/technical-consulting\\\/digitalisierung\"]}]},{\"@type\":\"BreadcrumbList\",\"@id\":\"https:\\\/\\\/signon-group.com\\\/en\\\/service\\\/technical-consulting\\\/digitalisierung#breadcrumb\",\"itemListElement\":[{\"@type\":\"ListItem\",\"position\":1,\"name\":\"Services\",\"item\":\"https:\\\/\\\/signon-group.com\\\/en\\\/dienstleistungen\"},{\"@type\":\"ListItem\",\"position\":2,\"name\":\"Technical Consulting\",\"item\":\"https:\\\/\\\/signon-group.com\\\/en\\\/dienstleistungen\\\/technische-beratung\"},{\"@type\":\"ListItem\",\"position\":3,\"name\":\"Digitalisierung\"}]},{\"@type\":\"WebSite\",\"@id\":\"https:\\\/\\\/signon-group.com\\\/en#website\",\"url\":\"https:\\\/\\\/signon-group.com\\\/en\",\"name\":\"SIGNON\",\"description\":\"\",\"potentialAction\":[{\"@type\":\"SearchAction\",\"target\":{\"@type\":\"EntryPoint\",\"urlTemplate\":\"https:\\\/\\\/signon-group.com\\\/en?s={search_term_string}\"},\"query-input\":{\"@type\":\"PropertyValueSpecification\",\"valueRequired\":true,\"valueName\":\"search_term_string\"}}],\"inLanguage\":\"en-US\"}]}<\/script>\n<!-- \/ Yoast SEO plugin. -->","yoast_head_json":{"title":"Digitalisierung: Optimierung von Bahn-Prozessen | SIGNON","description":"Digitale Transformation f\u00fcr Bahn & Zug: Analyse des Ist-Zustands \u2713 Professionelle Beratung zur Prozessoptimierung \u2713 Effizienzsteigernd \u25ba Jetzt informieren!","robots":{"index":"index","follow":"follow","max-snippet":"max-snippet:-1","max-image-preview":"max-image-preview:large","max-video-preview":"max-video-preview:-1"},"canonical":"https:\/\/signon-group.com\/en\/service\/technical-consulting\/digitalisierung","og_locale":"en_US","og_type":"article","og_title":"Digitalisierung: Optimierung von Bahn-Prozessen | SIGNON","og_description":"Digitale Transformation f\u00fcr Bahn & Zug: Analyse des Ist-Zustands \u2713 Professionelle Beratung zur Prozessoptimierung \u2713 Effizienzsteigernd \u25ba Jetzt informieren!","og_url":"https:\/\/signon-group.com\/en\/service\/technical-consulting\/digitalisierung","og_site_name":"SIGNON","article_modified_time":"2024-09-16T11:49:55+00:00","twitter_card":"summary_large_image","twitter_misc":{"Est. reading time":"1 minute"},"schema":{"@context":"https:\/\/schema.org","@graph":[{"@type":"WebPage","@id":"https:\/\/signon-group.com\/en\/service\/technical-consulting\/digitalisierung","url":"https:\/\/signon-group.com\/en\/service\/technical-consulting\/digitalisierung","name":"Digitalisierung: Optimierung von Bahn-Prozessen | SIGNON","isPartOf":{"@id":"https:\/\/signon-group.com\/en#website"},"datePublished":"2020-11-25T14:48:32+00:00","dateModified":"2024-09-16T11:49:55+00:00","description":"Digitale Transformation f\u00fcr Bahn & Zug: Analyse des Ist-Zustands \u2713 Professionelle Beratung zur Prozessoptimierung \u2713 Effizienzsteigernd \u25ba Jetzt informieren!","breadcrumb":{"@id":"https:\/\/signon-group.com\/en\/service\/technical-consulting\/digitalisierung#breadcrumb"},"inLanguage":"en-US","potentialAction":[{"@type":"ReadAction","target":["https:\/\/signon-group.com\/en\/service\/technical-consulting\/digitalisierung"]}]},{"@type":"BreadcrumbList","@id":"https:\/\/signon-group.com\/en\/service\/technical-consulting\/digitalisierung#breadcrumb","itemListElement":[{"@type":"ListItem","position":1,"name":"Services","item":"https:\/\/signon-group.com\/en\/dienstleistungen"},{"@type":"ListItem","position":2,"name":"Technical Consulting","item":"https:\/\/signon-group.com\/en\/dienstleistungen\/technische-beratung"},{"@type":"ListItem","position":3,"name":"Digitalisierung"}]},{"@type":"WebSite","@id":"https:\/\/signon-group.com\/en#website","url":"https:\/\/signon-group.com\/en","name":"SIGNON","description":"","potentialAction":[{"@type":"SearchAction","target":{"@type":"EntryPoint","urlTemplate":"https:\/\/signon-group.com\/en?s={search_term_string}"},"query-input":{"@type":"PropertyValueSpecification","valueRequired":true,"valueName":"search_term_string"}}],"inLanguage":"en-US"}]}},"_links":{"self":[{"href":"https:\/\/signon-group.com\/en\/wp-json\/wp\/v2\/pages\/5434","targetHints":{"allow":["GET"]}}],"collection":[{"href":"https:\/\/signon-group.com\/en\/wp-json\/wp\/v2\/pages"}],"about":[{"href":"https:\/\/signon-group.com\/en\/wp-json\/wp\/v2\/types\/page"}],"author":[{"embeddable":true,"href":"https:\/\/signon-group.com\/en\/wp-json\/wp\/v2\/users\/1"}],"replies":[{"embeddable":true,"href":"https:\/\/signon-group.com\/en\/wp-json\/wp\/v2\/comments?post=5434"}],"version-history":[{"count":15,"href":"https:\/\/signon-group.com\/en\/wp-json\/wp\/v2\/pages\/5434\/revisions"}],"predecessor-version":[{"id":15952,"href":"https:\/\/signon-group.com\/en\/wp-json\/wp\/v2\/pages\/5434\/revisions\/15952"}],"up":[{"embeddable":true,"href":"https:\/\/signon-group.com\/en\/wp-json\/wp\/v2\/pages\/5398"}],"wp:attachment":[{"href":"https:\/\/signon-group.com\/en\/wp-json\/wp\/v2\/media?parent=5434"}],"curies":[{"name":"wp","href":"https:\/\/api.w.org\/{rel}","templated":true}]}}