{"id":5411,"date":"2020-11-25T18:21:56","date_gmt":"2020-11-25T15:21:56","guid":{"rendered":"https:\/\/signon-group.com\/dienstleistung\/planning-of-railway-systems\/kabelmanagement"},"modified":"2024-09-16T13:37:33","modified_gmt":"2024-09-16T11:37:33","slug":"kabelmanagement","status":"publish","type":"page","link":"https:\/\/signon-group.com\/en\/service\/planning-of-railway-systems\/kabelmanagement","title":{"rendered":"Kabelkoordinierung"},"content":{"rendered":"\t\t<div data-elementor-type=\"wp-page\" data-elementor-id=\"5411\" class=\"elementor elementor-5411 elementor-534\" data-elementor-post-type=\"page\">\n\t\t\t\t\t\t<section class=\"elementor-section elementor-top-section elementor-element elementor-element-6c1fef5 elementor-section-boxed elementor-section-height-default elementor-section-height-default\" data-id=\"6c1fef5\" data-element_type=\"section\" data-e-type=\"section\">\n\t\t\t\t\t\t<div class=\"elementor-container elementor-column-gap-default\">\n\t\t\t\t\t<div class=\"elementor-column elementor-col-100 elementor-top-column elementor-element elementor-element-eda8bee\" data-id=\"eda8bee\" data-element_type=\"column\" data-e-type=\"column\">\n\t\t\t<div class=\"elementor-widget-wrap elementor-element-populated\">\n\t\t\t\t\t\t<div class=\"elementor-element elementor-element-69c3b1d elementor-widget elementor-widget-breadcrumbs_signon\" data-id=\"69c3b1d\" data-element_type=\"widget\" data-e-type=\"widget\" data-widget_type=\"breadcrumbs_signon.default\">\n\t\t\t\t<div class=\"elementor-widget-container\">\n\t\t\t\t\t<div class=\"so-breadcrumbs\" itemscope itemtype=\"http:\/\/schema.org\/BreadcrumbList\"><span class=\"breadcrumb-link-wrapper\" itemprop=\"itemListElement\" itemscope itemtype=\"http:\/\/schema.org\/ListItem\"><a href=\"https:\/\/signon-group.com\/en\" itemprop=\"item\"><span itemprop=\"name\">Home<\/span><\/a><\/span><\/div>\t\t\t\t<\/div>\n\t\t\t\t<\/div>\n\t\t\t\t\t<\/div>\n\t\t<\/div>\n\t\t\t\t\t<\/div>\n\t\t<\/section>\n\t\t\t\t<section class=\"elementor-section elementor-top-section elementor-element elementor-element-01c0790 elementor-section-boxed elementor-section-height-default elementor-section-height-default\" data-id=\"01c0790\" data-element_type=\"section\" data-e-type=\"section\">\n\t\t\t\t\t\t<div class=\"elementor-container elementor-column-gap-default\">\n\t\t\t\t\t<div class=\"elementor-column elementor-col-100 elementor-top-column elementor-element elementor-element-9d1691e\" data-id=\"9d1691e\" data-element_type=\"column\" data-e-type=\"column\">\n\t\t\t<div class=\"elementor-widget-wrap elementor-element-populated\">\n\t\t\t\t\t\t<div class=\"elementor-element elementor-element-ea7c86e elementor-widget elementor-widget-banner\" data-id=\"ea7c86e\" data-element_type=\"widget\" data-e-type=\"widget\" data-widget_type=\"banner.default\">\n\t\t\t\t<div class=\"elementor-widget-container\">\n\t\t\t\t\t<div class=\"banner container  banner-shadow\"><div class=\"d-none d-md-block  w-100 banner__img auto\" style=\"background-image: url(https:\/\/signon-group.com\/wp-content\/uploads\/2020\/12\/Header-Desktop-27.jpg)\" ><\/div><div class=\"d-block d-md-none w-100 banner__img auto\" style=\"background-image: url(https:\/\/signon-group.com\/wp-content\/uploads\/2020\/12\/Header-Desktop-27-1024x273.jpg)\" ><\/div><\/div>\t\t\t\t<\/div>\n\t\t\t\t<\/div>\n\t\t\t\t\t<\/div>\n\t\t<\/div>\n\t\t\t\t\t<\/div>\n\t\t<\/section>\n\t\t\t\t<section class=\"elementor-section elementor-top-section elementor-element elementor-element-fb29931 elementor-section-boxed elementor-section-height-default elementor-section-height-default\" data-id=\"fb29931\" data-element_type=\"section\" data-e-type=\"section\">\n\t\t\t\t\t\t<div class=\"elementor-container elementor-column-gap-default\">\n\t\t\t\t\t<div class=\"elementor-column elementor-col-100 elementor-top-column elementor-element elementor-element-4acca8b\" data-id=\"4acca8b\" data-element_type=\"column\" data-e-type=\"column\">\n\t\t\t<div class=\"elementor-widget-wrap elementor-element-populated\">\n\t\t\t\t\t\t<div class=\"elementor-element elementor-element-48f42ff elementor-widget elementor-widget-heading\" data-id=\"48f42ff\" data-element_type=\"widget\" data-e-type=\"widget\" data-widget_type=\"heading.default\">\n\t\t\t\t<div class=\"elementor-widget-container\">\n\t\t\t\t\t<h1 class=\"heading heading__title-secondary heading-auto\">Kabelkoordinierung - Ordnung schaffen, bevor Chaos entsteht <\/h1>\t\t\t\t<\/div>\n\t\t\t\t<\/div>\n\t\t\t\t\t<\/div>\n\t\t<\/div>\n\t\t\t\t\t<\/div>\n\t\t<\/section>\n\t\t\t\t<section class=\"elementor-section elementor-top-section elementor-element elementor-element-00cea80 elementor-section-boxed elementor-section-height-default elementor-section-height-default\" data-id=\"00cea80\" data-element_type=\"section\" data-e-type=\"section\">\n\t\t\t\t\t\t<div class=\"elementor-container elementor-column-gap-default\">\n\t\t\t\t\t<div class=\"elementor-column elementor-col-50 elementor-top-column elementor-element elementor-element-112aaeb\" data-id=\"112aaeb\" data-element_type=\"column\" data-e-type=\"column\">\n\t\t\t<div class=\"elementor-widget-wrap elementor-element-populated\">\n\t\t\t\t\t\t<div class=\"elementor-element elementor-element-7476fef elementor-widget elementor-widget-paragraph\" data-id=\"7476fef\" data-element_type=\"widget\" data-e-type=\"widget\" data-widget_type=\"paragraph.default\">\n\t\t\t\t<div class=\"elementor-widget-container\">\n\t\t\t\t\t<div><div id=\"par7476fef\" class=\"paragraph \"><div class=\"paragraph__content\"><p><strong>Kompakter Kabeltiefbau. Anlagen effizient vernetzen. Mit SIGNON.<\/strong><\/p><\/div><\/div><\/div>\t\t\t\t<\/div>\n\t\t\t\t<\/div>\n\t\t\t\t\t<\/div>\n\t\t<\/div>\n\t\t\t\t<div class=\"elementor-column elementor-col-50 elementor-top-column elementor-element elementor-element-6138e8e\" data-id=\"6138e8e\" data-element_type=\"column\" data-e-type=\"column\">\n\t\t\t<div class=\"elementor-widget-wrap elementor-element-populated\">\n\t\t\t\t\t\t<div class=\"elementor-element elementor-element-7e3e581 elementor-widget elementor-widget-paragraph\" data-id=\"7e3e581\" data-element_type=\"widget\" data-e-type=\"widget\" data-widget_type=\"paragraph.default\">\n\t\t\t\t<div class=\"elementor-widget-container\">\n\t\t\t\t\t<div><div id=\"par7e3e581\" class=\"paragraph \"><div class=\"paragraph__content\"><p>Neue Systeme und eine technische Komplexit\u00e4t bringen auch im Kabelmanagement neue Herausforderungen mit sich. SIGNON sorgt f\u00fcr einen kompakten Kabeltiefbau bei der Einhaltung aller spezifischen Vorgaben der Gewerke. Sie wollen effizient und effektiv alles vernetzen? SIGNON unterst\u00fctzt Sie in allen Projektphasen.<\/p><\/div><\/div><\/div>\t\t\t\t<\/div>\n\t\t\t\t<\/div>\n\t\t\t\t\t<\/div>\n\t\t<\/div>\n\t\t\t\t\t<\/div>\n\t\t<\/section>\n\t\t\t\t<section class=\"elementor-section elementor-top-section elementor-element elementor-element-8122b70 elementor-section-boxed elementor-section-height-default elementor-section-height-default\" data-id=\"8122b70\" data-element_type=\"section\" data-e-type=\"section\">\n\t\t\t\t\t\t<div class=\"elementor-container elementor-column-gap-default\">\n\t\t\t\t\t<div class=\"elementor-column elementor-col-100 elementor-top-column elementor-element elementor-element-ac2792b\" data-id=\"ac2792b\" data-element_type=\"column\" data-e-type=\"column\">\n\t\t\t<div class=\"elementor-widget-wrap elementor-element-populated\">\n\t\t\t\t\t\t<div class=\"elementor-element elementor-element-d55f03f elementor-widget-divider--view-line elementor-widget elementor-widget-divider\" data-id=\"d55f03f\" data-element_type=\"widget\" data-e-type=\"widget\" data-widget_type=\"divider.default\">\n\t\t\t\t<div class=\"elementor-widget-container\">\n\t\t\t\t\t\t\t<div class=\"elementor-divider\">\n\t\t\t<span class=\"elementor-divider-separator\">\n\t\t\t\t\t\t<\/span>\n\t\t<\/div>\n\t\t\t\t\t\t<\/div>\n\t\t\t\t<\/div>\n\t\t\t\t\t<\/div>\n\t\t<\/div>\n\t\t\t\t\t<\/div>\n\t\t<\/section>\n\t\t\t\t<section class=\"elementor-section elementor-top-section elementor-element elementor-element-5d436e4 elementor-section-boxed elementor-section-height-default elementor-section-height-default\" data-id=\"5d436e4\" data-element_type=\"section\" data-e-type=\"section\">\n\t\t\t\t\t\t<div class=\"elementor-container elementor-column-gap-default\">\n\t\t\t\t\t<div class=\"elementor-column elementor-col-50 elementor-top-column elementor-element elementor-element-3aa95f6\" data-id=\"3aa95f6\" data-element_type=\"column\" data-e-type=\"column\">\n\t\t\t<div class=\"elementor-widget-wrap elementor-element-populated\">\n\t\t\t\t\t\t<div class=\"elementor-element elementor-element-0312dd6 elementor-widget elementor-widget-heading\" data-id=\"0312dd6\" data-element_type=\"widget\" data-e-type=\"widget\" data-widget_type=\"heading.default\">\n\t\t\t\t<div class=\"elementor-widget-container\">\n\t\t\t\t\t<h2 class=\"heading heading__title-secondary heading-auto\">Unsere Leistungen<\/h2>\t\t\t\t<\/div>\n\t\t\t\t<\/div>\n\t\t\t\t<div class=\"elementor-element elementor-element-e9be625 elementor-widget elementor-widget-paragraph\" data-id=\"e9be625\" data-element_type=\"widget\" data-e-type=\"widget\" data-widget_type=\"paragraph.default\">\n\t\t\t\t<div class=\"elementor-widget-container\">\n\t\t\t\t\t<div><div id=\"pare9be625\" class=\"paragraph \"><div class=\"paragraph__content\"><ul><li>Bestandsbewertung und Bestandsaufnahme<\/li><li>Konzepterstellung und Fachberatung<\/li><li>Toolgest\u00fctzte Planung f\u00fcr die Kabelkoordinierung von der Grundlagenermittlung bis zur Bestandsdokumentation mit Anwendung der <a href=\"https:\/\/signon-group.com\/dienstleistungen\/technische-beratung\/bim\">BIM-Methodik<\/a><\/li><li>Anpassungsplanungen f\u00fcr den Kabeltiefbau<\/li><li>Begleitung von Genehmigungsverfahren<\/li><li>Organisation von Ausschreibung und Vergabe<\/li><li>Durchf\u00fchrung von Studien<\/li><li>Schnittstellenmanagement<\/li><\/ul><\/div><\/div><\/div>\t\t\t\t<\/div>\n\t\t\t\t<\/div>\n\t\t\t\t\t<\/div>\n\t\t<\/div>\n\t\t\t\t<div class=\"elementor-column elementor-col-50 elementor-top-column elementor-element elementor-element-8fc929d\" data-id=\"8fc929d\" data-element_type=\"column\" data-e-type=\"column\">\n\t\t\t<div class=\"elementor-widget-wrap elementor-element-populated\">\n\t\t\t\t\t\t<div class=\"elementor-element elementor-element-e3502f8 elementor-widget elementor-widget-heading\" data-id=\"e3502f8\" data-element_type=\"widget\" data-e-type=\"widget\" data-widget_type=\"heading.default\">\n\t\t\t\t<div class=\"elementor-widget-container\">\n\t\t\t\t\t<h2 class=\"heading heading__title-secondary heading-auto\">Unsere Techniken<\/h2>\t\t\t\t<\/div>\n\t\t\t\t<\/div>\n\t\t\t\t<div class=\"elementor-element elementor-element-c32311b elementor-widget elementor-widget-paragraph\" data-id=\"c32311b\" data-element_type=\"widget\" data-e-type=\"widget\" data-widget_type=\"paragraph.default\">\n\t\t\t\t<div class=\"elementor-widget-container\">\n\t\t\t\t\t<div><div id=\"parc32311b\" class=\"paragraph \"><div class=\"paragraph__content\"><ul><li>Kabeltiefbau und gewerke\u00fcbergreifende<\/li><li>Kabelkoordinierung<br \/>Systemverkabelung (indoor\/outdoor)<\/li><\/ul><\/div><\/div><\/div>\t\t\t\t<\/div>\n\t\t\t\t<\/div>\n\t\t\t\t\t<\/div>\n\t\t<\/div>\n\t\t\t\t\t<\/div>\n\t\t<\/section>\n\t\t\t\t<section class=\"elementor-section elementor-top-section elementor-element elementor-element-e990d1b elementor-section-boxed elementor-section-height-default elementor-section-height-default\" data-id=\"e990d1b\" data-element_type=\"section\" data-e-type=\"section\">\n\t\t\t\t\t\t<div class=\"elementor-container elementor-column-gap-default\">\n\t\t\t\t\t<div class=\"elementor-column elementor-col-100 elementor-top-column elementor-element elementor-element-aeb0f10\" data-id=\"aeb0f10\" data-element_type=\"column\" data-e-type=\"column\">\n\t\t\t<div class=\"elementor-widget-wrap elementor-element-populated\">\n\t\t\t\t\t\t<div class=\"elementor-element elementor-element-12c24ca elementor-widget elementor-widget-contact_button\" data-id=\"12c24ca\" data-element_type=\"widget\" data-e-type=\"widget\" data-widget_type=\"contact_button.default\">\n\t\t\t\t<div class=\"elementor-widget-container\">\n\t\t\t\t\t<div class=\"container p-0\"><div class=\"contact-btn contact-btn-bg contact-btn-default\" ><div class=\"contact-btn__bgimg\" ><\/div><div class=\"contact-btn__bgimg contact-btn__bgimg-small\" ><\/div><div class=\"contact-btn__desc \"><div>Sie haben noch offene Fragen zum Thema Kabelkoordinierung? Nehmen Sie Kontakt mit uns auf. Wir k\u00fcmmern uns gern um Ihr Anliegen. <\/div><\/div><div class=\"contact-btn__link\"><a  url=\"\/kontakt\" is_external=\"\" nofollow=\"\" custom_attributes=\"\" href=\"\/kontakt\" class=\"btn btn-primary  button\">Kontaktieren<\/a><\/div><\/div><\/div>\t\t\t\t<\/div>\n\t\t\t\t<\/div>\n\t\t\t\t\t<\/div>\n\t\t<\/div>\n\t\t\t\t\t<\/div>\n\t\t<\/section>\n\t\t\t\t<section class=\"elementor-section elementor-top-section elementor-element elementor-element-be4478c elementor-section-boxed elementor-section-height-default elementor-section-height-default\" data-id=\"be4478c\" data-element_type=\"section\" data-e-type=\"section\" data-settings=\"{&quot;background_background&quot;:&quot;classic&quot;}\">\n\t\t\t\t\t\t<div class=\"elementor-container elementor-column-gap-default\">\n\t\t\t\t\t<div class=\"elementor-column elementor-col-100 elementor-top-column elementor-element elementor-element-780321f\" data-id=\"780321f\" data-element_type=\"column\" data-e-type=\"column\">\n\t\t\t<div class=\"elementor-widget-wrap elementor-element-populated\">\n\t\t\t\t\t\t<div class=\"elementor-element elementor-element-818e193 elementor-widget elementor-widget-heading\" data-id=\"818e193\" data-element_type=\"widget\" data-e-type=\"widget\" data-widget_type=\"heading.default\">\n\t\t\t\t<div class=\"elementor-widget-container\">\n\t\t\t\t\t<h2 class=\"heading heading__title-secondary heading-auto\">Referenzen<\/h2>\t\t\t\t<\/div>\n\t\t\t\t<\/div>\n\t\t\t\t\t<\/div>\n\t\t<\/div>\n\t\t\t\t\t<\/div>\n\t\t<\/section>\n\t\t\t\t<section class=\"elementor-section elementor-top-section elementor-element elementor-element-b71c423 elementor-section-full_width elementor-section-height-default elementor-section-height-default\" data-id=\"b71c423\" data-element_type=\"section\" data-e-type=\"section\" data-settings=\"{&quot;background_background&quot;:&quot;classic&quot;}\">\n\t\t\t\t\t\t<div class=\"elementor-container elementor-column-gap-default\">\n\t\t\t\t\t<div class=\"elementor-column elementor-col-100 elementor-top-column elementor-element elementor-element-b1bbeb8\" data-id=\"b1bbeb8\" data-element_type=\"column\" data-e-type=\"column\">\n\t\t\t<div class=\"elementor-widget-wrap elementor-element-populated\">\n\t\t\t\t\t\t<div class=\"elementor-element elementor-element-1bf84c4 elementor-widget elementor-widget-images_carousel_signon\" data-id=\"1bf84c4\" data-element_type=\"widget\" data-e-type=\"widget\" data-widget_type=\"images_carousel_signon.default\">\n\t\t\t\t<div class=\"elementor-widget-container\">\n\t\t\t\t\t<div ><div class=\"image-carousel\"><div class=\"\"><div class=\"swiper-container image-carousel__swiper\"><div class=\"swiper-wrapper\"><div class=\"swiper-slide image-carousel__item\"><a  href=\"https:\/\/signon-group.com\/en\/references\/details\/preliminary-planning-for-esb-a-at-ulm-main-station\" class=\"w-100 image-carousel__img d-block\" style=\"background-image: url(https:\/\/signon-group.com\/wp-content\/uploads\/2022\/09\/6.-Vorplanung-ESTW-A-Ulm-Hauptbahnhof.jpg)\"><\/a><h2 class=\"image-carousel__title\"><a href=\"https:\/\/signon-group.com\/en\/references\/details\/preliminary-planning-for-esb-a-at-ulm-main-station\" style=\"color:#585858;\">Preliminary planning for ESB-A at Ulm main station<\/a><\/h2><\/div><\/div><div class=\"swiper-button-prev\"><\/div><div class=\"swiper-button-next\"><\/div> <\/div><\/div><\/div><\/div>\t\t\t\t<\/div>\n\t\t\t\t<\/div>\n\t\t\t\t\t<\/div>\n\t\t<\/div>\n\t\t\t\t\t<\/div>\n\t\t<\/section>\n\t\t\t\t<section class=\"elementor-section elementor-top-section elementor-element elementor-element-09a4b3f elementor-section-boxed elementor-section-height-default elementor-section-height-default\" data-id=\"09a4b3f\" data-element_type=\"section\" data-e-type=\"section\" data-settings=\"{&quot;background_background&quot;:&quot;classic&quot;}\">\n\t\t\t\t\t\t<div class=\"elementor-container elementor-column-gap-default\">\n\t\t\t\t\t<div class=\"elementor-column elementor-col-100 elementor-top-column elementor-element elementor-element-737b550\" data-id=\"737b550\" data-element_type=\"column\" data-e-type=\"column\">\n\t\t\t<div class=\"elementor-widget-wrap elementor-element-populated\">\n\t\t\t\t\t\t<div class=\"elementor-element elementor-element-668b56d elementor-widget elementor-widget-scrolltip_signon\" data-id=\"668b56d\" data-element_type=\"widget\" data-e-type=\"widget\" data-widget_type=\"scrolltip_signon.default\">\n\t\t\t\t<div class=\"elementor-widget-container\">\n\t\t\t\t\t<div class=\"scrolltip scrolltip-notext\"><div class=\"scrolltip__title\"><span>Scroll<\/span><\/div><div>\t\t\t\t<\/div>\n\t\t\t\t<\/div>\n\t\t\t\t\t<\/div>\n\t\t<\/div>\n\t\t\t\t\t<\/div>\n\t\t<\/section>\n\t\t\t\t<\/div>\n\t\t","protected":false},"excerpt":{"rendered":"<p>Home Kabelkoordinierung &#8211; Ordnung schaffen, bevor Chaos entsteht Kompakter Kabeltiefbau. Anlagen effizient vernetzen. Mit SIGNON. Neue Systeme und eine technische Komplexit\u00e4t bringen auch im Kabelmanagement neue Herausforderungen mit sich. SIGNON sorgt f\u00fcr einen kompakten Kabeltiefbau bei der Einhaltung aller spezifischen Vorgaben der Gewerke. Sie wollen effizient und effektiv alles vernetzen? SIGNON unterst\u00fctzt Sie in allen [&hellip;]<\/p>\n","protected":false},"author":1,"featured_media":0,"parent":4666,"menu_order":0,"comment_status":"closed","ping_status":"closed","template":"","meta":{"_acf_changed":false,"footnotes":""},"class_list":["post-5411","page","type-page","status-publish","hentry"],"acf":[],"yoast_head":"<!-- This site is optimized with the Yoast SEO plugin v27.3 - https:\/\/yoast.com\/product\/yoast-seo-wordpress\/ -->\n<title>Kabelkoordinierung: Kabelmanagement &amp; Planung f\u00fcr Bahn &amp; Zug | SIGNON<\/title>\n<meta name=\"description\" content=\"Kabelkoordinierung f\u00fcr Bahn &amp; Zug: Kabelmanagementl\u00f6sungen von Experten \u2713 Umfassende Projektbetreuung \u2713 In- &amp; Outdoor \u25ba Jetzt informieren!\" \/>\n<meta name=\"robots\" content=\"index, follow, max-snippet:-1, max-image-preview:large, max-video-preview:-1\" \/>\n<link rel=\"canonical\" href=\"https:\/\/signon-group.com\/en\/service\/planning-of-railway-systems\/kabelmanagement\" \/>\n<meta property=\"og:locale\" content=\"en_US\" \/>\n<meta property=\"og:type\" content=\"article\" \/>\n<meta property=\"og:title\" content=\"Kabelkoordinierung: Kabelmanagement &amp; Planung f\u00fcr Bahn &amp; Zug | SIGNON\" \/>\n<meta property=\"og:description\" content=\"Kabelkoordinierung f\u00fcr Bahn &amp; Zug: Kabelmanagementl\u00f6sungen von Experten \u2713 Umfassende Projektbetreuung \u2713 In- &amp; Outdoor \u25ba Jetzt informieren!\" \/>\n<meta property=\"og:url\" content=\"https:\/\/signon-group.com\/en\/service\/planning-of-railway-systems\/kabelmanagement\" \/>\n<meta property=\"og:site_name\" content=\"SIGNON\" \/>\n<meta property=\"article:modified_time\" content=\"2024-09-16T11:37:33+00:00\" \/>\n<meta name=\"twitter:card\" content=\"summary_large_image\" \/>\n<meta name=\"twitter:label1\" content=\"Est. reading time\" \/>\n\t<meta name=\"twitter:data1\" content=\"1 minute\" \/>\n<script type=\"application\/ld+json\" class=\"yoast-schema-graph\">{\"@context\":\"https:\\\/\\\/schema.org\",\"@graph\":[{\"@type\":\"WebPage\",\"@id\":\"https:\\\/\\\/signon-group.com\\\/en\\\/service\\\/planning-of-railway-systems\\\/kabelmanagement\",\"url\":\"https:\\\/\\\/signon-group.com\\\/en\\\/service\\\/planning-of-railway-systems\\\/kabelmanagement\",\"name\":\"Kabelkoordinierung: Kabelmanagement & Planung f\u00fcr Bahn & Zug | SIGNON\",\"isPartOf\":{\"@id\":\"https:\\\/\\\/signon-group.com\\\/en#website\"},\"datePublished\":\"2020-11-25T15:21:56+00:00\",\"dateModified\":\"2024-09-16T11:37:33+00:00\",\"description\":\"Kabelkoordinierung f\u00fcr Bahn & Zug: Kabelmanagementl\u00f6sungen von Experten \u2713 Umfassende Projektbetreuung \u2713 In- & Outdoor \u25ba Jetzt informieren!\",\"breadcrumb\":{\"@id\":\"https:\\\/\\\/signon-group.com\\\/en\\\/service\\\/planning-of-railway-systems\\\/kabelmanagement#breadcrumb\"},\"inLanguage\":\"en-US\",\"potentialAction\":[{\"@type\":\"ReadAction\",\"target\":[\"https:\\\/\\\/signon-group.com\\\/en\\\/service\\\/planning-of-railway-systems\\\/kabelmanagement\"]}]},{\"@type\":\"BreadcrumbList\",\"@id\":\"https:\\\/\\\/signon-group.com\\\/en\\\/service\\\/planning-of-railway-systems\\\/kabelmanagement#breadcrumb\",\"itemListElement\":[{\"@type\":\"ListItem\",\"position\":1,\"name\":\"Services\",\"item\":\"https:\\\/\\\/signon-group.com\\\/en\\\/dienstleistungen\"},{\"@type\":\"ListItem\",\"position\":2,\"name\":\"Planung von Bahnsystemen\",\"item\":\"https:\\\/\\\/signon-group.com\\\/en\\\/dienstleistungen\\\/planung\"},{\"@type\":\"ListItem\",\"position\":3,\"name\":\"Kabelkoordinierung\"}]},{\"@type\":\"WebSite\",\"@id\":\"https:\\\/\\\/signon-group.com\\\/en#website\",\"url\":\"https:\\\/\\\/signon-group.com\\\/en\",\"name\":\"SIGNON\",\"description\":\"\",\"potentialAction\":[{\"@type\":\"SearchAction\",\"target\":{\"@type\":\"EntryPoint\",\"urlTemplate\":\"https:\\\/\\\/signon-group.com\\\/en?s={search_term_string}\"},\"query-input\":{\"@type\":\"PropertyValueSpecification\",\"valueRequired\":true,\"valueName\":\"search_term_string\"}}],\"inLanguage\":\"en-US\"}]}<\/script>\n<!-- \/ Yoast SEO plugin. -->","yoast_head_json":{"title":"Kabelkoordinierung: Kabelmanagement & Planung f\u00fcr Bahn & Zug | SIGNON","description":"Kabelkoordinierung f\u00fcr Bahn & Zug: Kabelmanagementl\u00f6sungen von Experten \u2713 Umfassende Projektbetreuung \u2713 In- & Outdoor \u25ba Jetzt informieren!","robots":{"index":"index","follow":"follow","max-snippet":"max-snippet:-1","max-image-preview":"max-image-preview:large","max-video-preview":"max-video-preview:-1"},"canonical":"https:\/\/signon-group.com\/en\/service\/planning-of-railway-systems\/kabelmanagement","og_locale":"en_US","og_type":"article","og_title":"Kabelkoordinierung: Kabelmanagement & Planung f\u00fcr Bahn & Zug | SIGNON","og_description":"Kabelkoordinierung f\u00fcr Bahn & Zug: Kabelmanagementl\u00f6sungen von Experten \u2713 Umfassende Projektbetreuung \u2713 In- & Outdoor \u25ba Jetzt informieren!","og_url":"https:\/\/signon-group.com\/en\/service\/planning-of-railway-systems\/kabelmanagement","og_site_name":"SIGNON","article_modified_time":"2024-09-16T11:37:33+00:00","twitter_card":"summary_large_image","twitter_misc":{"Est. reading time":"1 minute"},"schema":{"@context":"https:\/\/schema.org","@graph":[{"@type":"WebPage","@id":"https:\/\/signon-group.com\/en\/service\/planning-of-railway-systems\/kabelmanagement","url":"https:\/\/signon-group.com\/en\/service\/planning-of-railway-systems\/kabelmanagement","name":"Kabelkoordinierung: Kabelmanagement & Planung f\u00fcr Bahn & Zug | SIGNON","isPartOf":{"@id":"https:\/\/signon-group.com\/en#website"},"datePublished":"2020-11-25T15:21:56+00:00","dateModified":"2024-09-16T11:37:33+00:00","description":"Kabelkoordinierung f\u00fcr Bahn & Zug: Kabelmanagementl\u00f6sungen von Experten \u2713 Umfassende Projektbetreuung \u2713 In- & Outdoor \u25ba Jetzt informieren!","breadcrumb":{"@id":"https:\/\/signon-group.com\/en\/service\/planning-of-railway-systems\/kabelmanagement#breadcrumb"},"inLanguage":"en-US","potentialAction":[{"@type":"ReadAction","target":["https:\/\/signon-group.com\/en\/service\/planning-of-railway-systems\/kabelmanagement"]}]},{"@type":"BreadcrumbList","@id":"https:\/\/signon-group.com\/en\/service\/planning-of-railway-systems\/kabelmanagement#breadcrumb","itemListElement":[{"@type":"ListItem","position":1,"name":"Services","item":"https:\/\/signon-group.com\/en\/dienstleistungen"},{"@type":"ListItem","position":2,"name":"Planung von Bahnsystemen","item":"https:\/\/signon-group.com\/en\/dienstleistungen\/planung"},{"@type":"ListItem","position":3,"name":"Kabelkoordinierung"}]},{"@type":"WebSite","@id":"https:\/\/signon-group.com\/en#website","url":"https:\/\/signon-group.com\/en","name":"SIGNON","description":"","potentialAction":[{"@type":"SearchAction","target":{"@type":"EntryPoint","urlTemplate":"https:\/\/signon-group.com\/en?s={search_term_string}"},"query-input":{"@type":"PropertyValueSpecification","valueRequired":true,"valueName":"search_term_string"}}],"inLanguage":"en-US"}]}},"_links":{"self":[{"href":"https:\/\/signon-group.com\/en\/wp-json\/wp\/v2\/pages\/5411","targetHints":{"allow":["GET"]}}],"collection":[{"href":"https:\/\/signon-group.com\/en\/wp-json\/wp\/v2\/pages"}],"about":[{"href":"https:\/\/signon-group.com\/en\/wp-json\/wp\/v2\/types\/page"}],"author":[{"embeddable":true,"href":"https:\/\/signon-group.com\/en\/wp-json\/wp\/v2\/users\/1"}],"replies":[{"embeddable":true,"href":"https:\/\/signon-group.com\/en\/wp-json\/wp\/v2\/comments?post=5411"}],"version-history":[{"count":3,"href":"https:\/\/signon-group.com\/en\/wp-json\/wp\/v2\/pages\/5411\/revisions"}],"predecessor-version":[{"id":15925,"href":"https:\/\/signon-group.com\/en\/wp-json\/wp\/v2\/pages\/5411\/revisions\/15925"}],"up":[{"embeddable":true,"href":"https:\/\/signon-group.com\/en\/wp-json\/wp\/v2\/pages\/4666"}],"wp:attachment":[{"href":"https:\/\/signon-group.com\/en\/wp-json\/wp\/v2\/media?parent=5411"}],"curies":[{"name":"wp","href":"https:\/\/api.w.org\/{rel}","templated":true}]}}