{"id":5393,"date":"2021-09-23T23:04:10","date_gmt":"2021-09-23T21:04:10","guid":{"rendered":"https:\/\/signon-group.com\/dienstleistung\/engineering"},"modified":"2021-09-23T23:04:13","modified_gmt":"2021-09-23T21:04:13","slug":"engineering","status":"publish","type":"page","link":"https:\/\/signon-group.com\/en\/service\/engineering","title":{"rendered":"Engineering"},"content":{"rendered":"\t\t<div data-elementor-type=\"wp-page\" data-elementor-id=\"5393\" class=\"elementor elementor-5393 elementor-315\" data-elementor-post-type=\"page\">\n\t\t\t\t\t\t<section class=\"elementor-section elementor-top-section elementor-element elementor-element-7e4334e elementor-section-boxed elementor-section-height-default elementor-section-height-default\" data-id=\"7e4334e\" data-element_type=\"section\" data-e-type=\"section\">\n\t\t\t\t\t\t<div class=\"elementor-container elementor-column-gap-default\">\n\t\t\t\t\t<div class=\"elementor-column elementor-col-100 elementor-top-column elementor-element elementor-element-1f921a6\" data-id=\"1f921a6\" data-element_type=\"column\" data-e-type=\"column\">\n\t\t\t<div class=\"elementor-widget-wrap elementor-element-populated\">\n\t\t\t\t\t\t<div class=\"elementor-element elementor-element-f1e6e54 elementor-widget elementor-widget-breadcrumbs_signon\" data-id=\"f1e6e54\" data-element_type=\"widget\" data-e-type=\"widget\" data-widget_type=\"breadcrumbs_signon.default\">\n\t\t\t\t<div class=\"elementor-widget-container\">\n\t\t\t\t\t<div class=\"so-breadcrumbs\" itemscope itemtype=\"http:\/\/schema.org\/BreadcrumbList\"><span class=\"breadcrumb-link-wrapper\" itemprop=\"itemListElement\" itemscope itemtype=\"http:\/\/schema.org\/ListItem\"><a href=\"https:\/\/signon-group.com\/en\" itemprop=\"item\"><span itemprop=\"name\">Home<\/span><\/a><\/span><\/div>\t\t\t\t<\/div>\n\t\t\t\t<\/div>\n\t\t\t\t\t<\/div>\n\t\t<\/div>\n\t\t\t\t\t<\/div>\n\t\t<\/section>\n\t\t\t\t<section class=\"elementor-section elementor-top-section elementor-element elementor-element-4097050 elementor-section-boxed elementor-section-height-default elementor-section-height-default\" data-id=\"4097050\" data-element_type=\"section\" data-e-type=\"section\" data-settings=\"{&quot;animation&quot;:&quot;none&quot;}\">\n\t\t\t\t\t\t<div class=\"elementor-container elementor-column-gap-default\">\n\t\t\t\t\t<div class=\"elementor-column elementor-col-100 elementor-top-column elementor-element elementor-element-89277d4\" data-id=\"89277d4\" data-element_type=\"column\" data-e-type=\"column\">\n\t\t\t<div class=\"elementor-widget-wrap elementor-element-populated\">\n\t\t\t\t\t\t<div class=\"elementor-element elementor-element-d4be380 elementor-widget elementor-widget-banner\" data-id=\"d4be380\" data-element_type=\"widget\" data-e-type=\"widget\" data-settings=\"{&quot;_animation&quot;:&quot;none&quot;}\" data-widget_type=\"banner.default\">\n\t\t\t\t<div class=\"elementor-widget-container\">\n\t\t\t\t\t<div class=\"banner container  banner-shadow\"><div class=\"d-none d-md-block  w-100 banner__img auto\" style=\"background-image: url(https:\/\/signon-group.com\/wp-content\/uploads\/2020\/12\/Header-Desktop-5.jpg)\" ><\/div><div class=\"d-block d-md-none w-100 banner__img auto\" style=\"background-image: url(https:\/\/signon-group.com\/wp-content\/uploads\/2020\/12\/Header-Desktop-5-1024x341.jpg)\" ><\/div><\/div>\t\t\t\t<\/div>\n\t\t\t\t<\/div>\n\t\t\t\t\t<\/div>\n\t\t<\/div>\n\t\t\t\t\t<\/div>\n\t\t<\/section>\n\t\t\t\t<section class=\"elementor-section elementor-top-section elementor-element elementor-element-0064310 elementor-section-boxed elementor-section-height-default elementor-section-height-default\" data-id=\"0064310\" data-element_type=\"section\" data-e-type=\"section\" data-settings=\"{&quot;animation&quot;:&quot;none&quot;}\">\n\t\t\t\t\t\t<div class=\"elementor-container elementor-column-gap-default\">\n\t\t\t\t\t<div class=\"elementor-column elementor-col-100 elementor-top-column elementor-element elementor-element-f650bf4\" data-id=\"f650bf4\" data-element_type=\"column\" data-e-type=\"column\">\n\t\t\t<div class=\"elementor-widget-wrap elementor-element-populated\">\n\t\t\t\t\t\t<div class=\"elementor-element elementor-element-7391eb7 elementor-widget elementor-widget-heading\" data-id=\"7391eb7\" data-element_type=\"widget\" data-e-type=\"widget\" data-settings=\"{&quot;_animation&quot;:&quot;none&quot;}\" data-widget_type=\"heading.default\">\n\t\t\t\t<div class=\"elementor-widget-container\">\n\t\t\t\t\t<h1 class=\"heading heading__title-secondary heading-auto\">Engineering mit SIGNON.<\/h1>\t\t\t\t<\/div>\n\t\t\t\t<\/div>\n\t\t\t\t\t<\/div>\n\t\t<\/div>\n\t\t\t\t\t<\/div>\n\t\t<\/section>\n\t\t\t\t<section class=\"elementor-section elementor-top-section elementor-element elementor-element-1e41bda elementor-section-boxed elementor-section-height-default elementor-section-height-default\" data-id=\"1e41bda\" data-element_type=\"section\" data-e-type=\"section\">\n\t\t\t\t\t\t<div class=\"elementor-container elementor-column-gap-default\">\n\t\t\t\t\t<div class=\"elementor-column elementor-col-50 elementor-top-column elementor-element elementor-element-ea5b252\" data-id=\"ea5b252\" data-element_type=\"column\" data-e-type=\"column\">\n\t\t\t<div class=\"elementor-widget-wrap elementor-element-populated\">\n\t\t\t\t\t\t<div class=\"elementor-element elementor-element-9ebfada elementor-widget elementor-widget-paragraph\" data-id=\"9ebfada\" data-element_type=\"widget\" data-e-type=\"widget\" data-widget_type=\"paragraph.default\">\n\t\t\t\t<div class=\"elementor-widget-container\">\n\t\t\t\t\t<div><div id=\"par9ebfada\" class=\"paragraph \"><div class=\"paragraph__content\"><p><strong>Schienenverkehr der Zukunft. Engineering f\u00fcr die Bahn.<\/strong><\/p>\n<\/div><\/div><\/div>\t\t\t\t<\/div>\n\t\t\t\t<\/div>\n\t\t\t\t\t<\/div>\n\t\t<\/div>\n\t\t\t\t<div class=\"elementor-column elementor-col-50 elementor-top-column elementor-element elementor-element-24673d3\" data-id=\"24673d3\" data-element_type=\"column\" data-e-type=\"column\">\n\t\t\t<div class=\"elementor-widget-wrap elementor-element-populated\">\n\t\t\t\t\t\t<div class=\"elementor-element elementor-element-1f89ccf elementor-widget elementor-widget-paragraph\" data-id=\"1f89ccf\" data-element_type=\"widget\" data-e-type=\"widget\" data-widget_type=\"paragraph.default\">\n\t\t\t\t<div class=\"elementor-widget-container\">\n\t\t\t\t\t<div><div id=\"par1f89ccf\" class=\"paragraph \"><div class=\"paragraph__content\"><p><span style=\"font-weight: 400;\">In den n\u00e4chsten Jahren soll der Schienenverkehr deutlich leistungsf\u00e4higer, zuverl\u00e4ssiger und digitaler werden, um als umweltfreundliche Alternative zu anderen Verkehrstr\u00e4gern wettbewerbsf\u00e4higer zu werden. Die Engineering-Leistungen von SIGNON sind darauf ausgerichtet, die daf\u00fcr notwendigen Entwicklungen umfassend und in allen Phasen zu unterst\u00fctzen. Sind Sie bereit, der Zukunft zu begegnen?<\/span><\/p>\n<\/div><\/div><\/div>\t\t\t\t<\/div>\n\t\t\t\t<\/div>\n\t\t\t\t\t<\/div>\n\t\t<\/div>\n\t\t\t\t\t<\/div>\n\t\t<\/section>\n\t\t\t\t<section class=\"elementor-section elementor-top-section elementor-element elementor-element-a385ed2 elementor-section-boxed elementor-section-height-default elementor-section-height-default\" data-id=\"a385ed2\" data-element_type=\"section\" data-e-type=\"section\">\n\t\t\t\t\t\t<div class=\"elementor-container elementor-column-gap-default\">\n\t\t\t\t\t<div class=\"elementor-column elementor-col-100 elementor-top-column elementor-element elementor-element-74441df\" data-id=\"74441df\" data-element_type=\"column\" data-e-type=\"column\">\n\t\t\t<div class=\"elementor-widget-wrap elementor-element-populated\">\n\t\t\t\t\t\t<div class=\"elementor-element elementor-element-bee7ccd elementor-widget-divider--view-line elementor-widget elementor-widget-divider\" data-id=\"bee7ccd\" data-element_type=\"widget\" data-e-type=\"widget\" data-widget_type=\"divider.default\">\n\t\t\t\t<div class=\"elementor-widget-container\">\n\t\t\t\t\t\t\t<div class=\"elementor-divider\">\n\t\t\t<span class=\"elementor-divider-separator\">\n\t\t\t\t\t\t<\/span>\n\t\t<\/div>\n\t\t\t\t\t\t<\/div>\n\t\t\t\t<\/div>\n\t\t\t\t\t<\/div>\n\t\t<\/div>\n\t\t\t\t\t<\/div>\n\t\t<\/section>\n\t\t\t\t<section class=\"elementor-section elementor-top-section elementor-element elementor-element-6664395 elementor-section-boxed elementor-section-height-default elementor-section-height-default\" data-id=\"6664395\" data-element_type=\"section\" data-e-type=\"section\">\n\t\t\t\t\t\t<div class=\"elementor-container elementor-column-gap-default\">\n\t\t\t\t\t<div class=\"elementor-column elementor-col-100 elementor-top-column elementor-element elementor-element-f8134a1\" data-id=\"f8134a1\" data-element_type=\"column\" data-e-type=\"column\">\n\t\t\t<div class=\"elementor-widget-wrap elementor-element-populated\">\n\t\t\t\t\t\t<div class=\"elementor-element elementor-element-e618f7d elementor-widget elementor-widget-grid_with_links_light\" data-id=\"e618f7d\" data-element_type=\"widget\" data-e-type=\"widget\" data-widget_type=\"grid_with_links_light.default\">\n\t\t\t\t<div class=\"elementor-widget-container\">\n\t\t\t\t\t<div class=\"bg-white\"><div class=\"container grid-links-light\"><div class=\"row\"><div class=\"\u0441ol col-12  col-md-3 grid-links-light__item\"><a  url=\"https:\/\/signon-group.com\/dienstleistungen\/engineering\/software-engineering\" is_external=\"\" nofollow=\"\" custom_attributes=\"\" href=\"https:\/\/signon-group.com\/dienstleistungen\/engineering\/software-engineering\" class=\"d-none d-md-block w-100 grid-links-light__img\" style=\"background-image: url(https:\/\/signon-group.com\/wp-content\/uploads\/2020\/12\/4-1.jpg)\"><\/a><a  url=\"https:\/\/signon-group.com\/dienstleistungen\/engineering\/software-engineering\" is_external=\"\" nofollow=\"\" custom_attributes=\"\" href=\"https:\/\/signon-group.com\/dienstleistungen\/engineering\/software-engineering\" class=\"d-block d-md-none w-100 grid-links-light__img\" style=\"background-image: url(https:\/\/signon-group.com\/wp-content\/uploads\/2020\/12\/4-1-768x1024.jpg)\"><\/a><a href=\"https:\/\/signon-group.com\/dienstleistungen\/engineering\/software-engineering\"><h3 class=\"grid-links-light__title\">Software Engineering<\/h3><\/a><div class=\"grid-links__desc\">Software Engineering - Digitale Innovationen f\u00fcr den Schienenverkehr. Wir entwickeln Softwarel\u00f6sungen und digitalisieren mit Ihnen Gesch\u00e4ftsprozesse. Mehr lesen zu unseren Leistungen im Bereich Software Engineering.<\/div><a  url=\"https:\/\/signon-group.com\/dienstleistungen\/engineering\/software-engineering\" is_external=\"\" nofollow=\"\" custom_attributes=\"\"  href=\"https:\/\/signon-group.com\/dienstleistungen\/engineering\/software-engineering\" class=\"btn btn-outline-primary grid-links__link button\">Mehr Lesen<\/a><\/div><div class=\"\u0441ol col-12  col-md-3 grid-links-light__item\"><a  url=\"https:\/\/signon-group.com\/dienstleistungen\/engineering\/data-engineering\" is_external=\"\" nofollow=\"\" custom_attributes=\"\" href=\"https:\/\/signon-group.com\/dienstleistungen\/engineering\/data-engineering\" class=\"d-none d-md-block w-100 grid-links-light__img\" style=\"background-image: url(https:\/\/signon-group.com\/wp-content\/uploads\/2020\/12\/3-3.jpg)\"><\/a><a  url=\"https:\/\/signon-group.com\/dienstleistungen\/engineering\/data-engineering\" is_external=\"\" nofollow=\"\" custom_attributes=\"\" href=\"https:\/\/signon-group.com\/dienstleistungen\/engineering\/data-engineering\" class=\"d-block d-md-none w-100 grid-links-light__img\" style=\"background-image: url(https:\/\/signon-group.com\/wp-content\/uploads\/2020\/12\/3-3-768x1024.jpg)\"><\/a><a href=\"https:\/\/signon-group.com\/dienstleistungen\/engineering\/data-engineering\"><h3 class=\"grid-links-light__title\">Data Engineering<\/h3><\/a><div class=\"grid-links__desc\">Wie l\u00e4sst sich Bahninfrastruktur automatisiert erfassen? Erfahren Sie mehr zu unseren Data Engineering Projekten und unserem System SATengine:<\/div><a  url=\"https:\/\/signon-group.com\/dienstleistungen\/engineering\/data-engineering\" is_external=\"\" nofollow=\"\" custom_attributes=\"\"  href=\"https:\/\/signon-group.com\/dienstleistungen\/engineering\/data-engineering\" class=\"btn btn-outline-primary grid-links__link button\">Mehr Lesen<\/a><\/div><div class=\"\u0441ol col-12  col-md-3 grid-links-light__item\"><a  url=\"https:\/\/signon-group.com\/dienstleistungen\/engineering\/systems-engineering\" is_external=\"\" nofollow=\"\" custom_attributes=\"\" href=\"https:\/\/signon-group.com\/dienstleistungen\/engineering\/systems-engineering\" class=\"d-none d-md-block w-100 grid-links-light__img\" style=\"background-image: url(https:\/\/signon-group.com\/wp-content\/uploads\/2020\/12\/1-2.jpg)\"><\/a><a  url=\"https:\/\/signon-group.com\/dienstleistungen\/engineering\/systems-engineering\" is_external=\"\" nofollow=\"\" custom_attributes=\"\" href=\"https:\/\/signon-group.com\/dienstleistungen\/engineering\/systems-engineering\" class=\"d-block d-md-none w-100 grid-links-light__img\" style=\"background-image: url(https:\/\/signon-group.com\/wp-content\/uploads\/2020\/12\/1-2-768x1024.jpg)\"><\/a><a href=\"https:\/\/signon-group.com\/dienstleistungen\/engineering\/systems-engineering\"><h3 class=\"grid-links-light__title\">Systems Engineering<\/h3><\/a><div class=\"grid-links__desc\">Systems Engineering - Experten Know-how f\u00fcr die Entwicklung komplexer Bahnsysteme.<\/div><a  url=\"https:\/\/signon-group.com\/dienstleistungen\/engineering\/systems-engineering\" is_external=\"\" nofollow=\"\" custom_attributes=\"\"  href=\"https:\/\/signon-group.com\/dienstleistungen\/engineering\/systems-engineering\" class=\"btn btn-outline-primary grid-links__link button\">Mehr Lesen<\/a><\/div><div class=\"\u0441ol col-12  col-md-3 grid-links-light__item\"><a  url=\"https:\/\/signon-group.com\/dienstleistungen\/engineering\/safety-engineering\" is_external=\"\" nofollow=\"\" custom_attributes=\"\" href=\"https:\/\/signon-group.com\/dienstleistungen\/engineering\/safety-engineering\" class=\"d-none d-md-block w-100 grid-links-light__img\" style=\"background-image: url(https:\/\/signon-group.com\/wp-content\/uploads\/2020\/12\/2-2.jpg)\"><\/a><a  url=\"https:\/\/signon-group.com\/dienstleistungen\/engineering\/safety-engineering\" is_external=\"\" nofollow=\"\" custom_attributes=\"\" href=\"https:\/\/signon-group.com\/dienstleistungen\/engineering\/safety-engineering\" class=\"d-block d-md-none w-100 grid-links-light__img\" style=\"background-image: url(https:\/\/signon-group.com\/wp-content\/uploads\/2020\/12\/2-2-768x1024.jpg)\"><\/a><a href=\"https:\/\/signon-group.com\/dienstleistungen\/engineering\/safety-engineering\"><h3 class=\"grid-links-light__title\">Safety Engineering<\/h3><\/a><div class=\"grid-links__desc\">Sicherheit geht vor. Bei s\u00e4mtlichen Prozessen zum Safety Engineering ist SIGNON Ihr zuverl\u00e4ssiger Partner - wir erstellen mit Ihnen transparente und zur\u00fcckverfolgbare Systemprozesse und Dokumentationen.<\/div><a  url=\"https:\/\/signon-group.com\/dienstleistungen\/engineering\/safety-engineering\" is_external=\"\" nofollow=\"\" custom_attributes=\"\"  href=\"https:\/\/signon-group.com\/dienstleistungen\/engineering\/safety-engineering\" class=\"btn btn-outline-primary grid-links__link button\">Mehr Lesen<\/a><\/div><\/div><\/div><\/div>\t\t\t\t<\/div>\n\t\t\t\t<\/div>\n\t\t\t\t\t<\/div>\n\t\t<\/div>\n\t\t\t\t\t<\/div>\n\t\t<\/section>\n\t\t\t\t<section class=\"elementor-section elementor-top-section elementor-element elementor-element-f713777 elementor-section-boxed elementor-section-height-default elementor-section-height-default\" data-id=\"f713777\" data-element_type=\"section\" data-e-type=\"section\">\n\t\t\t\t\t\t<div class=\"elementor-container elementor-column-gap-default\">\n\t\t\t\t\t<div class=\"elementor-column elementor-col-100 elementor-top-column elementor-element elementor-element-f2c9fbd\" data-id=\"f2c9fbd\" data-element_type=\"column\" data-e-type=\"column\">\n\t\t\t<div class=\"elementor-widget-wrap elementor-element-populated\">\n\t\t\t\t\t\t<div class=\"elementor-element elementor-element-3868723 elementor-widget elementor-widget-contact_button\" data-id=\"3868723\" data-element_type=\"widget\" data-e-type=\"widget\" data-widget_type=\"contact_button.default\">\n\t\t\t\t<div class=\"elementor-widget-container\">\n\t\t\t\t\t<div class=\"container p-0\"><div class=\"contact-btn contact-btn-bg contact-btn-default\" ><div class=\"contact-btn__bgimg\" ><\/div><div class=\"contact-btn__bgimg contact-btn__bgimg-small\" ><\/div><div class=\"contact-btn__desc \"><div><p>Sie ben\u00f6tigen Unterst\u00fctzung bei der Planung der Mobilit\u00e4t von Morgen? Kontaktieren Sie uns jetzt.<\/p>\n<\/div><\/div><div class=\"contact-btn__link\"><a  url=\"\/kontakt\" is_external=\"\" nofollow=\"\" custom_attributes=\"\" href=\"\/kontakt\" class=\"btn btn-primary  button\">Contact Us<\/a><\/div><\/div><\/div>\t\t\t\t<\/div>\n\t\t\t\t<\/div>\n\t\t\t\t\t<\/div>\n\t\t<\/div>\n\t\t\t\t\t<\/div>\n\t\t<\/section>\n\t\t\t\t<section class=\"elementor-section elementor-top-section elementor-element elementor-element-e899f60 elementor-section-boxed elementor-section-height-default elementor-section-height-default\" data-id=\"e899f60\" data-element_type=\"section\" data-e-type=\"section\">\n\t\t\t\t\t\t<div class=\"elementor-container elementor-column-gap-default\">\n\t\t\t\t\t<div class=\"elementor-column elementor-col-100 elementor-top-column elementor-element elementor-element-0b08b07\" data-id=\"0b08b07\" data-element_type=\"column\" data-e-type=\"column\">\n\t\t\t<div class=\"elementor-widget-wrap elementor-element-populated\">\n\t\t\t\t\t\t<div class=\"elementor-element elementor-element-1f734ad elementor-widget elementor-widget-scrolltip_signon\" data-id=\"1f734ad\" data-element_type=\"widget\" data-e-type=\"widget\" data-widget_type=\"scrolltip_signon.default\">\n\t\t\t\t<div class=\"elementor-widget-container\">\n\t\t\t\t\t<div class=\"scrolltip scrolltip-notext\"><div class=\"scrolltip__title\"><span>Scroll<\/span><\/div><div>\t\t\t\t<\/div>\n\t\t\t\t<\/div>\n\t\t\t\t\t<\/div>\n\t\t<\/div>\n\t\t\t\t\t<\/div>\n\t\t<\/section>\n\t\t\t\t<\/div>\n\t\t","protected":false},"excerpt":{"rendered":"<p>Home Engineering mit SIGNON. Schienenverkehr der Zukunft. Engineering f\u00fcr die Bahn. In den n\u00e4chsten Jahren soll der Schienenverkehr deutlich leistungsf\u00e4higer, zuverl\u00e4ssiger und digitaler werden, um als umweltfreundliche Alternative zu anderen Verkehrstr\u00e4gern wettbewerbsf\u00e4higer zu werden. Die Engineering-Leistungen von SIGNON sind darauf ausgerichtet, die daf\u00fcr notwendigen Entwicklungen umfassend und in allen Phasen zu unterst\u00fctzen. Sind Sie bereit, [&hellip;]<\/p>\n","protected":false},"author":1,"featured_media":0,"parent":3925,"menu_order":0,"comment_status":"closed","ping_status":"closed","template":"","meta":{"_acf_changed":false,"footnotes":""},"class_list":["post-5393","page","type-page","status-publish","hentry"],"acf":[],"yoast_head":"<!-- This site is optimized with the Yoast SEO plugin v27.4 - https:\/\/yoast.com\/product\/yoast-seo-wordpress\/ -->\n<title>Engineering: Entwicklung von Bahn-Software &amp; Produkten | SIGNON<\/title>\n<meta name=\"description\" content=\"Engineering: Software-, Data- , Systems- &amp; Safety-Engineering \u2713 Prozessoptimierung \u2713 Erstellung individueller Software &amp; Produkte \u25ba Jetzt informieren!\" \/>\n<meta name=\"robots\" content=\"index, follow, max-snippet:-1, max-image-preview:large, max-video-preview:-1\" \/>\n<link rel=\"canonical\" href=\"https:\/\/signon-group.com\/en\/service\/engineering\" \/>\n<meta property=\"og:locale\" content=\"en_US\" \/>\n<meta property=\"og:type\" content=\"article\" \/>\n<meta property=\"og:title\" content=\"Engineering: Entwicklung von Bahn-Software &amp; Produkten | SIGNON\" \/>\n<meta property=\"og:description\" content=\"Engineering: Software-, Data- , Systems- &amp; Safety-Engineering \u2713 Prozessoptimierung \u2713 Erstellung individueller Software &amp; Produkte \u25ba Jetzt informieren!\" \/>\n<meta property=\"og:url\" content=\"https:\/\/signon-group.com\/en\/service\/engineering\" \/>\n<meta property=\"og:site_name\" content=\"SIGNON\" \/>\n<meta property=\"article:modified_time\" content=\"2021-09-23T21:04:13+00:00\" \/>\n<meta name=\"twitter:card\" content=\"summary_large_image\" \/>\n<meta name=\"twitter:label1\" content=\"Est. reading time\" \/>\n\t<meta name=\"twitter:data1\" content=\"1 minute\" \/>\n<script type=\"application\/ld+json\" class=\"yoast-schema-graph\">{\"@context\":\"https:\\\/\\\/schema.org\",\"@graph\":[{\"@type\":\"WebPage\",\"@id\":\"https:\\\/\\\/signon-group.com\\\/en\\\/service\\\/engineering\",\"url\":\"https:\\\/\\\/signon-group.com\\\/en\\\/service\\\/engineering\",\"name\":\"Engineering: Entwicklung von Bahn-Software & Produkten | SIGNON\",\"isPartOf\":{\"@id\":\"https:\\\/\\\/signon-group.com\\\/en#website\"},\"datePublished\":\"2021-09-23T21:04:10+00:00\",\"dateModified\":\"2021-09-23T21:04:13+00:00\",\"description\":\"Engineering: Software-, Data- , Systems- & Safety-Engineering \u2713 Prozessoptimierung \u2713 Erstellung individueller Software & Produkte \u25ba Jetzt informieren!\",\"breadcrumb\":{\"@id\":\"https:\\\/\\\/signon-group.com\\\/en\\\/service\\\/engineering#breadcrumb\"},\"inLanguage\":\"en-US\",\"potentialAction\":[{\"@type\":\"ReadAction\",\"target\":[\"https:\\\/\\\/signon-group.com\\\/en\\\/service\\\/engineering\"]}]},{\"@type\":\"BreadcrumbList\",\"@id\":\"https:\\\/\\\/signon-group.com\\\/en\\\/service\\\/engineering#breadcrumb\",\"itemListElement\":[{\"@type\":\"ListItem\",\"position\":1,\"name\":\"Services\",\"item\":\"https:\\\/\\\/signon-group.com\\\/en\\\/dienstleistungen\"},{\"@type\":\"ListItem\",\"position\":2,\"name\":\"Engineering\"}]},{\"@type\":\"WebSite\",\"@id\":\"https:\\\/\\\/signon-group.com\\\/en#website\",\"url\":\"https:\\\/\\\/signon-group.com\\\/en\",\"name\":\"SIGNON\",\"description\":\"\",\"potentialAction\":[{\"@type\":\"SearchAction\",\"target\":{\"@type\":\"EntryPoint\",\"urlTemplate\":\"https:\\\/\\\/signon-group.com\\\/en?s={search_term_string}\"},\"query-input\":{\"@type\":\"PropertyValueSpecification\",\"valueRequired\":true,\"valueName\":\"search_term_string\"}}],\"inLanguage\":\"en-US\"}]}<\/script>\n<!-- \/ Yoast SEO plugin. -->","yoast_head_json":{"title":"Engineering: Entwicklung von Bahn-Software & Produkten | SIGNON","description":"Engineering: Software-, Data- , Systems- & Safety-Engineering \u2713 Prozessoptimierung \u2713 Erstellung individueller Software & Produkte \u25ba Jetzt informieren!","robots":{"index":"index","follow":"follow","max-snippet":"max-snippet:-1","max-image-preview":"max-image-preview:large","max-video-preview":"max-video-preview:-1"},"canonical":"https:\/\/signon-group.com\/en\/service\/engineering","og_locale":"en_US","og_type":"article","og_title":"Engineering: Entwicklung von Bahn-Software & Produkten | SIGNON","og_description":"Engineering: Software-, Data- , Systems- & Safety-Engineering \u2713 Prozessoptimierung \u2713 Erstellung individueller Software & Produkte \u25ba Jetzt informieren!","og_url":"https:\/\/signon-group.com\/en\/service\/engineering","og_site_name":"SIGNON","article_modified_time":"2021-09-23T21:04:13+00:00","twitter_card":"summary_large_image","twitter_misc":{"Est. reading time":"1 minute"},"schema":{"@context":"https:\/\/schema.org","@graph":[{"@type":"WebPage","@id":"https:\/\/signon-group.com\/en\/service\/engineering","url":"https:\/\/signon-group.com\/en\/service\/engineering","name":"Engineering: Entwicklung von Bahn-Software & Produkten | SIGNON","isPartOf":{"@id":"https:\/\/signon-group.com\/en#website"},"datePublished":"2021-09-23T21:04:10+00:00","dateModified":"2021-09-23T21:04:13+00:00","description":"Engineering: Software-, Data- , Systems- & Safety-Engineering \u2713 Prozessoptimierung \u2713 Erstellung individueller Software & Produkte \u25ba Jetzt informieren!","breadcrumb":{"@id":"https:\/\/signon-group.com\/en\/service\/engineering#breadcrumb"},"inLanguage":"en-US","potentialAction":[{"@type":"ReadAction","target":["https:\/\/signon-group.com\/en\/service\/engineering"]}]},{"@type":"BreadcrumbList","@id":"https:\/\/signon-group.com\/en\/service\/engineering#breadcrumb","itemListElement":[{"@type":"ListItem","position":1,"name":"Services","item":"https:\/\/signon-group.com\/en\/dienstleistungen"},{"@type":"ListItem","position":2,"name":"Engineering"}]},{"@type":"WebSite","@id":"https:\/\/signon-group.com\/en#website","url":"https:\/\/signon-group.com\/en","name":"SIGNON","description":"","potentialAction":[{"@type":"SearchAction","target":{"@type":"EntryPoint","urlTemplate":"https:\/\/signon-group.com\/en?s={search_term_string}"},"query-input":{"@type":"PropertyValueSpecification","valueRequired":true,"valueName":"search_term_string"}}],"inLanguage":"en-US"}]}},"_links":{"self":[{"href":"https:\/\/signon-group.com\/en\/wp-json\/wp\/v2\/pages\/5393","targetHints":{"allow":["GET"]}}],"collection":[{"href":"https:\/\/signon-group.com\/en\/wp-json\/wp\/v2\/pages"}],"about":[{"href":"https:\/\/signon-group.com\/en\/wp-json\/wp\/v2\/types\/page"}],"author":[{"embeddable":true,"href":"https:\/\/signon-group.com\/en\/wp-json\/wp\/v2\/users\/1"}],"replies":[{"embeddable":true,"href":"https:\/\/signon-group.com\/en\/wp-json\/wp\/v2\/comments?post=5393"}],"version-history":[{"count":3,"href":"https:\/\/signon-group.com\/en\/wp-json\/wp\/v2\/pages\/5393\/revisions"}],"predecessor-version":[{"id":5396,"href":"https:\/\/signon-group.com\/en\/wp-json\/wp\/v2\/pages\/5393\/revisions\/5396"}],"up":[{"embeddable":true,"href":"https:\/\/signon-group.com\/en\/wp-json\/wp\/v2\/pages\/3925"}],"wp:attachment":[{"href":"https:\/\/signon-group.com\/en\/wp-json\/wp\/v2\/media?parent=5393"}],"curies":[{"name":"wp","href":"https:\/\/api.w.org\/{rel}","templated":true}]}}